{"id":981,"date":"2022-10-15T10:26:28","date_gmt":"2022-10-15T03:26:28","guid":{"rendered":"https:\/\/sqvina.com\/?page_id=981"},"modified":"2025-11-24T16:59:21","modified_gmt":"2025-11-24T09:59:21","slug":"bot-quang-cong-nghiep","status":"publish","type":"page","link":"https:\/\/sunqueenvina.com.vn\/?page_id=981","title":{"rendered":"MARINE EQUIPMENTS &#8211; THI\u1ebeT B\u1eca H\u00c0NG H\u1ea2I"},"content":{"rendered":"\n<p><a rel=\"noreferrer noopener\" href=\"https:\/\/sunqueenvina.com.vn\/?page_id=798\" target=\"_blank\">Bigle Water Separator | M\u00e1y ph\u00e2n ly n\u01b0\u1edbc la canh<\/a><\/p>\n\n\n\n<figure class=\"wp-block-table is-style-regular\">\n<table>\n<tbody>\n<tr>\n<td><a href=\"https:\/\/sunqueenvina.com.vn\/?page_id=798\"><img class=\"aligncenter\" src=\"https:\/\/sunqueenvina.com.vn\/wp-content\/uploads\/2022\/11\/1.png\" alt=\"\" \/><\/a><\/td>\n<td><a href=\"https:\/\/sunqueenvina.com.vn\/?page_id=798\"><img class=\"aligncenter\" src=\"https:\/\/sunqueenvina.com.vn\/wp-content\/uploads\/2022\/11\/2.png\" alt=\"\" \/><\/a><\/td>\n<td><a href=\"https:\/\/sunqueenvina.com.vn\/?page_id=798\"><img class=\"aligncenter\" src=\"https:\/\/sunqueenvina.com.vn\/wp-content\/uploads\/2022\/11\/3.png\" alt=\"\" \/><\/a><\/td>\n<\/tr>\n<\/tbody>\n<\/table>\n<\/figure>\n\n\n\n<p><a href=\"https:\/\/sunqueenvina.com.vn\/?page_id=1299\">Sewage Treatment Plan | M\u00e1y x\u1eed l\u00fd n\u01b0\u1edbc th\u1ea3i<\/a><\/p>\n\n\n\n<figure class=\"wp-block-table alignleft\"><table><tbody><tr><td><a href=\"https:\/\/sunqueenvina.com.vn\/?page_id=1299\"><img loading=\"lazy\" width=\"267\" height=\"337\" class=\"wp-image-1062\" style=\"width: 200px;\" src=\"https:\/\/sunqueenvina.com.vn\/wp-content\/uploads\/2022\/11\/4.png\" alt=\"\" srcset=\"https:\/\/sunqueenvina.com.vn\/wp-content\/uploads\/2022\/11\/4.png 267w, https:\/\/sunqueenvina.com.vn\/wp-content\/uploads\/2022\/11\/4-238x300.png 238w\" sizes=\"(max-width: 267px) 100vw, 267px\" \/><\/a><\/td><td><a href=\"https:\/\/sunqueenvina.com.vn\/?page_id=1299\"><img loading=\"lazy\" width=\"307\" height=\"341\" class=\"wp-image-1103\" style=\"width: 200px;\" src=\"https:\/\/sunqueenvina.com.vn\/wp-content\/uploads\/2022\/11\/5.png\" alt=\"\" srcset=\"https:\/\/sunqueenvina.com.vn\/wp-content\/uploads\/2022\/11\/5.png 307w, https:\/\/sunqueenvina.com.vn\/wp-content\/uploads\/2022\/11\/5-270x300.png 270w\" sizes=\"(max-width: 307px) 100vw, 307px\" \/><\/a><\/td><td><a href=\"https:\/\/sunqueenvina.com.vn\/?page_id=1299\"><img loading=\"lazy\" width=\"356\" height=\"420\" class=\"wp-image-1063\" style=\"width: 200px;\" src=\"https:\/\/sunqueenvina.com.vn\/wp-content\/uploads\/2022\/11\/6.png\" alt=\"\" srcset=\"https:\/\/sunqueenvina.com.vn\/wp-content\/uploads\/2022\/11\/6.png 356w, https:\/\/sunqueenvina.com.vn\/wp-content\/uploads\/2022\/11\/6-254x300.png 254w\" sizes=\"(max-width: 356px) 100vw, 356px\" \/><\/a><\/td><\/tr><\/tbody><\/table><\/figure>\n\n\n\n<p><a href=\"https:\/\/sunqueenvina.com.vn\/?page_id=1330\">Hydrophore tanks | B\u00ecnh Hydrophore<\/a><\/p>\n\n\n\n<figure class=\"wp-block-table aligncenter\">\n<table style=\"width: 100%; height: 238px;\">\n<tbody>\n<tr style=\"height: 238px;\">\n<td style=\"height: 238px;\"><a href=\"https:\/\/sunqueenvina.com.vn\/?page_id=1330\"><img loading=\"lazy\" class=\"aligncenter\" src=\"https:\/\/sunqueenvina.com.vn\/wp-content\/uploads\/2024\/11\/1-237x300.png\" alt=\"\" width=\"175\" height=\"221\" \/><\/a><\/td>\n<td style=\"height: 238px;\"><a href=\"https:\/\/sunqueenvina.com.vn\/?page_id=1330\"><img loading=\"lazy\" class=\"aligncenter\" src=\"https:\/\/sunqueenvina.com.vn\/wp-content\/uploads\/2024\/11\/2-300x232.png\" alt=\"\" width=\"254\" height=\"197\" \/><\/a><\/td>\n<\/tr>\n<\/tbody>\n<\/table>\n<\/figure>\n\n\n\n<p><a href=\"https:\/\/sunqueenvina.com.vn\/?page_id=1336\">Hot water tanks | B\u00ecnh n\u01b0\u1edbc n\u00f3ng<\/a><\/p>\n\n\n\n<figure class=\"wp-block-table\">\n<table style=\"width: 100%; height: 287px;\">\n<tbody>\n<tr style=\"height: 287px;\">\n<td style=\"height: 287px;\"><a href=\"https:\/\/sunqueenvina.com.vn\/?page_id=1336\"><img loading=\"lazy\" class=\"aligncenter\" src=\"https:\/\/sunqueenvina.com.vn\/wp-content\/uploads\/2024\/11\/18-228x300.png\" alt=\"\" width=\"190\" height=\"250\" \/><\/a><\/td>\n<td style=\"height: 287px;\"><a href=\"https:\/\/sunqueenvina.com.vn\/?page_id=1336\" rel=\"sponsored nofollow\"><img loading=\"lazy\" class=\"aligncenter\" src=\"https:\/\/sunqueenvina.com.vn\/wp-content\/uploads\/2024\/11\/19-288x300.png\" alt=\"\" width=\"239\" height=\"249\" \/><\/a><\/td>\n<\/tr>\n<\/tbody>\n<\/table>\n<\/figure>\n\n\n\n<p><a href=\"https:\/\/sunqueenvina.com.vn\/?page_id=1347\">Air Conditioner | \u0110i\u1ec1u h\u00f2a trung t\u00e2m<\/a><\/p>\n\n\n\n<figure class=\"wp-block-table is-style-regular\">\n<table style=\"width: 100%; height: 262px;\">\n<tbody>\n<tr style=\"height: 262px;\">\n<td style=\"width: 50%; height: 262px;\"><img style=\"width: 300px;\" src=\"https:\/\/sunqueenvina.com.vn\/wp-content\/uploads\/2024\/11\/12-removebg-preview.png\" alt=\"\" \/><\/td>\n<td style=\"width: 50%; height: 262px;\"><img style=\"width: 300px;\" src=\"https:\/\/sunqueenvina.com.vn\/wp-content\/uploads\/2024\/11\/14-removebg-preview.png\" alt=\"\" \/><\/td>\n<\/tr>\n<\/tbody>\n<\/table>\n<\/figure>\n\n\n\n<p><a href=\"https:\/\/sunqueenvina.com.vn\/?page_id=1479\">Provision Plan| H\u1ec7 th\u1ed1ng m\u00e1y l\u1ea1nh th\u1ef1c ph\u1ea9m<\/a><\/p>\n\n\n\n<div class=\"wp-block-group\"><div class=\"wp-block-group__inner-container\">\n<div class=\"wp-block-group\"><div class=\"wp-block-group__inner-container\">\n<div class=\"wp-block-group\"><div class=\"wp-block-group__inner-container\">\n<figure class=\"wp-block-table is-style-regular\">\n<table style=\"width: 100%;\">\n<tbody>\n<tr>\n<td style=\"width: 54.1379%;\"><img style=\"width: 300px;\" src=\"https:\/\/sunqueenvina.com.vn\/wp-content\/uploads\/2025\/10\/11-removebg-preview-1-300x295.png\" alt=\"\" \/><\/td>\n<td style=\"width: 45.6897%;\"><a href=\"https:\/\/sunqueenvina.com.vn\/?page_id=1479\"><img style=\"width: 250px;\" src=\"https:\/\/sunqueenvina.com.vn\/wp-content\/uploads\/2025\/10\/Picture1-226x300.png\" alt=\"\" \/><\/a><\/td>\n<\/tr>\n<\/tbody>\n<\/table>\n<\/figure>\n<\/div><\/div>\n<\/div><\/div>\n<\/div><\/div>\n\n\n\n<p><a href=\"https:\/\/sunqueenvina.com.vn\/?page_id=1365\">Ventilation fans for ship | Qu\u1ea1t th\u00f4ng gi\u00f3 t\u00e0u th\u1ee7y<\/a><\/p>\n\n\n\n<figure class=\"wp-block-table aligncenter\">\n<table style=\"width: 100%; height: 175px;\">\n<tbody>\n<tr style=\"height: 175px;\">\n<td style=\"width: 35%; height: 175px;\"><a href=\"https:\/\/sunqueenvina.com.vn\/?page_id=1365\"><img loading=\"lazy\" src=\"https:\/\/sunqueenvina.com.vn\/wp-content\/uploads\/2024\/11\/3-removebg-preview.png\" alt=\"\" width=\"145\" height=\"153\" \/><\/a><\/td>\n<td style=\"width: 32.069%; height: 175px;\"><a href=\"https:\/\/sunqueenvina.com.vn\/?page_id=1365\"><img loading=\"lazy\" src=\"https:\/\/sunqueenvina.com.vn\/wp-content\/uploads\/2024\/11\/5-removebg-preview.png\" alt=\"\" width=\"132\" height=\"133\" \/><\/a><\/td>\n<td style=\"width: 32.7586%; height: 175px;\"><a href=\"https:\/\/sunqueenvina.com.vn\/?page_id=1365\"><img loading=\"lazy\" src=\"https:\/\/sunqueenvina.com.vn\/wp-content\/uploads\/2024\/11\/4-removebg-preview.png\" alt=\"\" width=\"135\" height=\"127\" \/><\/a><\/td>\n<\/tr>\n<\/tbody>\n<\/table>\n<\/figure>\n\n\n\n<p><a href=\"https:\/\/sunqueenvina.com.vn\/?page_id=1375\">Air compressors | M\u00e1y n\u00e9n kh\u00ed<\/a><\/p>\n\n\n\n<figure class=\"wp-block-table aligncenter\">\n<table>\n<tbody>\n<tr>\n<td><a href=\"https:\/\/sunqueenvina.com.vn\/?page_id=1375\"><img loading=\"lazy\" src=\"https:\/\/sunqueenvina.com.vn\/wp-content\/uploads\/2024\/11\/Picture-24-300x235.png\" alt=\"\" width=\"239\" height=\"187\"><\/a><\/td>\n<td><a href=\"https:\/\/sunqueenvina.com.vn\/?page_id=1375\"><img loading=\"lazy\" src=\"https:\/\/sunqueenvina.com.vn\/wp-content\/uploads\/2024\/11\/Picture-25-300x199.png\" alt=\"\" width=\"248\" height=\"165\"><\/a><\/td>\n<\/tr>\n<\/tbody>\n<\/table>\n<\/figure>\n\n\n\n<p><a href=\"https:\/\/sunqueenvina.com.vn\/?page_id=1460\">Marine Pumps | B\u01a1m d\u00f9ng tr\u00ean t\u00e0u th\u1ee7y<\/a><\/p>\n\n\n\n<figure class=\"wp-block-table aligncenter\">\n<table style=\"width: 100%;\">\n<tbody>\n<tr>\n<td style=\"width: 39.6552%;\"><a href=\"https:\/\/sunqueenvina.com.vn\/?page_id=1460\"><img loading=\"lazy\" src=\"https:\/\/sunqueenvina.com.vn\/wp-content\/uploads\/2022\/11\/11.png\" alt=\"\" width=\"152\" height=\"215\" \/><\/a><\/td>\n<td style=\"width: 60.1724%;\"><a href=\"https:\/\/sunqueenvina.com.vn\/?page_id=1460\"><img loading=\"lazy\" class=\"aligncenter\" src=\"https:\/\/sunqueenvina.com.vn\/wp-content\/uploads\/2022\/11\/13-300x249.png\" alt=\"\" width=\"239\" height=\"199\" \/><\/a><\/td>\n<\/tr>\n<\/tbody>\n<\/table>\n<\/figure>\n\n\n\n<p><a href=\"https:\/\/sunqueenvina.com.vn\/?page_id=1447\">Valves for ship | Van t\u00e0u th\u1ee7y<\/a><\/p>\n\n\n\n<figure class=\"wp-block-table aligncenter\">\n<table style=\"width: 100%; height: 199px;\">\n<tbody>\n<tr style=\"height: 199px;\">\n<td style=\"height: 199px;\"><a href=\"https:\/\/sunqueenvina.com.vn\/?page_id=1447\"><img loading=\"lazy\" src=\"https:\/\/sunqueenvina.com.vn\/wp-content\/uploads\/2022\/11\/17.png\" alt=\"\" width=\"291\" height=\"290\" \/><\/a><\/td>\n<td style=\"height: 199px;\"><a href=\"https:\/\/sunqueenvina.com.vn\/?page_id=1447\"><img loading=\"lazy\" src=\"https:\/\/sunqueenvina.com.vn\/wp-content\/uploads\/2022\/11\/14-300x270.png\" alt=\"\" width=\"300\" height=\"270\" \/><\/a><\/td>\n<td style=\"height: 199px;\"><a href=\"https:\/\/sunqueenvina.com.vn\/?page_id=1447\"><img loading=\"lazy\" src=\"https:\/\/sunqueenvina.com.vn\/wp-content\/uploads\/2022\/11\/16-300x298.png\" alt=\"\" width=\"300\" height=\"298\" \/><\/a><\/td>\n<\/tr>\n<\/tbody>\n<\/table>\n<\/figure>\n\n\n\n<p><\/p>\n","protected":false},"excerpt":{"rendered":"<p>Bigle Water Separator | M\u00e1y ph\u00e2n ly n\u01b0\u1edbc la canh Sewage Treatment Plan | M\u00e1y x\u1eed l\u00fd n\u01b0\u1edbc th\u1ea3i Hydrophore tanks | B\u00ecnh Hydrophore Hot water tanks | B\u00ecnh n\u01b0\u1edbc n\u00f3ng Air Conditioner | \u0110i\u1ec1u h\u00f2a trung t\u00e2m Provision Plan| H\u1ec7 th\u1ed1ng m\u00e1y l\u1ea1nh th\u1ef1c ph\u1ea9m Ventilation fans for ship | Qu\u1ea1t th\u00f4ng gi\u00f3 t\u00e0u<span class=\"post-excerpt-end\">&hellip;<\/span><\/p>\n<p class=\"more-link\"><a href=\"https:\/\/sunqueenvina.com.vn\/?page_id=981\" class=\"themebutton\">Read More<\/a><\/p>\n","protected":false},"author":1,"featured_media":0,"parent":0,"menu_order":0,"comment_status":"closed","ping_status":"closed","template":"","meta":[],"yoast_head":"<!-- This site is optimized with the Yoast SEO plugin v14.9 - https:\/\/yoast.com\/wordpress\/plugins\/seo\/ -->\n<title>MARINE EQUIPMENTS - THI\u1ebeT B\u1eca H\u00c0NG H\u1ea2I - SUNQUEEN VINA<\/title>\n<meta name=\"robots\" content=\"noindex, follow, max-snippet:-1, max-image-preview:large, max-video-preview:-1\" \/>\n<meta property=\"og:locale\" content=\"vi_VN\" \/>\n<meta property=\"og:type\" content=\"article\" \/>\n<meta property=\"og:title\" content=\"MARINE EQUIPMENTS - THI\u1ebeT B\u1eca H\u00c0NG H\u1ea2I - SUNQUEEN VINA\" \/>\n<meta property=\"og:description\" content=\"Bigle Water Separator | M\u00e1y ph\u00e2n ly n\u01b0\u1edbc la canh Sewage Treatment Plan | M\u00e1y x\u1eed l\u00fd n\u01b0\u1edbc th\u1ea3i Hydrophore tanks | B\u00ecnh Hydrophore Hot water tanks | B\u00ecnh n\u01b0\u1edbc n\u00f3ng Air Conditioner | \u0110i\u1ec1u h\u00f2a trung t\u00e2m Provision Plan| H\u1ec7 th\u1ed1ng m\u00e1y l\u1ea1nh th\u1ef1c ph\u1ea9m Ventilation fans for ship | Qu\u1ea1t th\u00f4ng gi\u00f3 t\u00e0u&hellip;Read More\" \/>\n<meta property=\"og:url\" content=\"https:\/\/sunqueenvina.com.vn\/?page_id=981\" \/>\n<meta property=\"og:site_name\" content=\"SUNQUEEN VINA\" \/>\n<meta property=\"article:modified_time\" content=\"2025-11-24T09:59:21+00:00\" \/>\n<meta property=\"og:image\" content=\"https:\/\/sunqueenvina.com.vn\/wp-content\/uploads\/2022\/11\/1.png\" \/>\n<meta name=\"twitter:card\" content=\"summary_large_image\" \/>\n<script type=\"application\/ld+json\" class=\"yoast-schema-graph\">{\"@context\":\"https:\/\/schema.org\",\"@graph\":[{\"@type\":\"WebSite\",\"@id\":\"https:\/\/sunqueenvina.com.vn\/#website\",\"url\":\"https:\/\/sunqueenvina.com.vn\/\",\"name\":\"SUNQUEEN VINA\",\"description\":\"OEM &amp; Marine Equipments\",\"potentialAction\":[{\"@type\":\"SearchAction\",\"target\":\"https:\/\/sunqueenvina.com.vn\/?s={search_term_string}\",\"query-input\":\"required name=search_term_string\"}],\"inLanguage\":\"vi\"},{\"@type\":\"ImageObject\",\"@id\":\"https:\/\/sunqueenvina.com.vn\/?page_id=981#primaryimage\",\"inLanguage\":\"vi\",\"url\":\"https:\/\/sunqueenvina.com.vn\/wp-content\/uploads\/2022\/11\/1.png\",\"width\":283,\"height\":343},{\"@type\":\"WebPage\",\"@id\":\"https:\/\/sunqueenvina.com.vn\/?page_id=981#webpage\",\"url\":\"https:\/\/sunqueenvina.com.vn\/?page_id=981\",\"name\":\"MARINE EQUIPMENTS - THI\\u1ebeT B\\u1eca H\\u00c0NG H\\u1ea2I - SUNQUEEN VINA\",\"isPartOf\":{\"@id\":\"https:\/\/sunqueenvina.com.vn\/#website\"},\"primaryImageOfPage\":{\"@id\":\"https:\/\/sunqueenvina.com.vn\/?page_id=981#primaryimage\"},\"datePublished\":\"2022-10-15T03:26:28+00:00\",\"dateModified\":\"2025-11-24T09:59:21+00:00\",\"inLanguage\":\"vi\",\"potentialAction\":[{\"@type\":\"ReadAction\",\"target\":[\"https:\/\/sunqueenvina.com.vn\/?page_id=981\"]}]}]}<\/script>\n<!-- \/ Yoast SEO plugin. -->","_links":{"self":[{"href":"https:\/\/sunqueenvina.com.vn\/index.php?rest_route=\/wp\/v2\/pages\/981"}],"collection":[{"href":"https:\/\/sunqueenvina.com.vn\/index.php?rest_route=\/wp\/v2\/pages"}],"about":[{"href":"https:\/\/sunqueenvina.com.vn\/index.php?rest_route=\/wp\/v2\/types\/page"}],"author":[{"embeddable":true,"href":"https:\/\/sunqueenvina.com.vn\/index.php?rest_route=\/wp\/v2\/users\/1"}],"replies":[{"embeddable":true,"href":"https:\/\/sunqueenvina.com.vn\/index.php?rest_route=%2Fwp%2Fv2%2Fcomments&post=981"}],"version-history":[{"count":122,"href":"https:\/\/sunqueenvina.com.vn\/index.php?rest_route=\/wp\/v2\/pages\/981\/revisions"}],"predecessor-version":[{"id":1525,"href":"https:\/\/sunqueenvina.com.vn\/index.php?rest_route=\/wp\/v2\/pages\/981\/revisions\/1525"}],"wp:attachment":[{"href":"https:\/\/sunqueenvina.com.vn\/index.php?rest_route=%2Fwp%2Fv2%2Fmedia&parent=981"}],"curies":[{"name":"wp","href":"https:\/\/api.w.org\/{rel}","templated":true}]}}