{"id":685,"date":"2021-06-26T14:58:15","date_gmt":"2021-06-26T07:58:15","guid":{"rendered":"https:\/\/sqvina.com\/?page_id=685"},"modified":"2022-11-16T18:01:00","modified_gmt":"2022-11-16T11:01:00","slug":"vat-tu-nganh-duc-1","status":"publish","type":"page","link":"https:\/\/sunqueenvina.com.vn\/?page_id=685","title":{"rendered":"STORGE &#8211; V\u1eacT T\u01af PH\u1ee4"},"content":{"rendered":"\n<p><strong>Steel Shot | Bi th\u00e9p<\/strong><\/p>\n\n\n\n<figure class=\"wp-block-table aligncenter\"><table><tbody><tr><td><img src=\"https:\/\/sunqueenvina.com.vn\/wp-content\/uploads\/2022\/10\/z3549134342808_fa095965d5cafa40aa4b42741ef6743e-edited.jpg\" alt=\"\" style=\"width: 300px;\"><\/td><\/tr><\/tbody><\/table><\/figure>\n\n\n\n<p><strong>Steel Grit | H\u1ea1t m\u00e0i<\/strong><\/p>\n\n\n\n<figure class=\"wp-block-table aligncenter\"><table><tbody><tr><td><img loading=\"lazy\" width=\"803\" height=\"534\" class=\"wp-image-1113\" style=\"width: 300px;\" src=\"https:\/\/sunqueenvina.com.vn\/wp-content\/uploads\/2022\/11\/20.jpg\" alt=\"\" srcset=\"https:\/\/sunqueenvina.com.vn\/wp-content\/uploads\/2022\/11\/20.jpg 803w, https:\/\/sunqueenvina.com.vn\/wp-content\/uploads\/2022\/11\/20-300x200.jpg 300w, https:\/\/sunqueenvina.com.vn\/wp-content\/uploads\/2022\/11\/20-768x511.jpg 768w, https:\/\/sunqueenvina.com.vn\/wp-content\/uploads\/2022\/11\/20-570x380.jpg 570w, https:\/\/sunqueenvina.com.vn\/wp-content\/uploads\/2022\/11\/20-380x254.jpg 380w, https:\/\/sunqueenvina.com.vn\/wp-content\/uploads\/2022\/11\/20-285x190.jpg 285w\" sizes=\"(max-width: 803px) 100vw, 803px\" \/><\/td><\/tr><\/tbody><\/table><\/figure>\n\n\n\n<p><strong>Stainless Steel Shot | Bi th\u00e9p kh\u00f4ng r\u1ec9<\/strong><\/p>\n\n\n\n<figure class=\"wp-block-table aligncenter\"><table><tbody><tr><td><img loading=\"lazy\" width=\"270\" height=\"182\" class=\"wp-image-1114\" style=\"width: 300px;\" src=\"https:\/\/sunqueenvina.com.vn\/wp-content\/uploads\/2022\/11\/23.jpg\" alt=\"\"><\/td><\/tr><\/tbody><\/table><\/figure>\n\n\n\n<p><strong>White Aluminium Oxit Grit | H\u1ea1t oxit nh\u00f4m<\/strong><\/p>\n\n\n\n<figure class=\"wp-block-table aligncenter\"><table><tbody><tr><td><img loading=\"lazy\" width=\"233\" height=\"233\" class=\"wp-image-1115\" style=\"width: 300px;\" src=\"https:\/\/sunqueenvina.com.vn\/wp-content\/uploads\/2022\/11\/25.jpg\" alt=\"\" srcset=\"https:\/\/sunqueenvina.com.vn\/wp-content\/uploads\/2022\/11\/25.jpg 233w, https:\/\/sunqueenvina.com.vn\/wp-content\/uploads\/2022\/11\/25-150x150.jpg 150w\" sizes=\"(max-width: 233px) 100vw, 233px\" \/><\/td><\/tr><\/tbody><\/table><\/figure>\n","protected":false},"excerpt":{"rendered":"<p>Steel Shot | Bi th\u00e9p Steel Grit | H\u1ea1t m\u00e0i Stainless Steel Shot | Bi th\u00e9p kh\u00f4ng r\u1ec9 White Aluminium Oxit Grit | H\u1ea1t oxit nh\u00f4m<\/p>\n","protected":false},"author":1,"featured_media":0,"parent":0,"menu_order":0,"comment_status":"closed","ping_status":"closed","template":"","meta":[],"yoast_head":"<!-- This site is optimized with the Yoast SEO plugin v14.9 - https:\/\/yoast.com\/wordpress\/plugins\/seo\/ -->\n<title>STORGE - V\u1eacT T\u01af PH\u1ee4 - SUNQUEEN VINA<\/title>\n<meta name=\"robots\" content=\"noindex, follow, max-snippet:-1, max-image-preview:large, max-video-preview:-1\" \/>\n<meta property=\"og:locale\" content=\"vi_VN\" \/>\n<meta property=\"og:type\" content=\"article\" \/>\n<meta property=\"og:title\" content=\"STORGE - V\u1eacT T\u01af PH\u1ee4 - SUNQUEEN VINA\" \/>\n<meta property=\"og:description\" content=\"Steel Shot | Bi th\u00e9p Steel Grit | H\u1ea1t m\u00e0i Stainless Steel Shot | Bi th\u00e9p kh\u00f4ng r\u1ec9 White Aluminium Oxit Grit | H\u1ea1t oxit nh\u00f4m\" \/>\n<meta property=\"og:url\" content=\"https:\/\/sunqueenvina.com.vn\/?page_id=685\" \/>\n<meta property=\"og:site_name\" content=\"SUNQUEEN VINA\" \/>\n<meta property=\"article:modified_time\" content=\"2022-11-16T11:01:00+00:00\" \/>\n<meta property=\"og:image\" content=\"https:\/\/sunqueenvina.com.vn\/wp-content\/uploads\/2022\/10\/z3549134342808_fa095965d5cafa40aa4b42741ef6743e-edited.jpg\" \/>\n<meta name=\"twitter:card\" content=\"summary_large_image\" \/>\n<script type=\"application\/ld+json\" class=\"yoast-schema-graph\">{\"@context\":\"https:\/\/schema.org\",\"@graph\":[{\"@type\":\"WebSite\",\"@id\":\"https:\/\/sunqueenvina.com.vn\/#website\",\"url\":\"https:\/\/sunqueenvina.com.vn\/\",\"name\":\"SUNQUEEN VINA\",\"description\":\"OEM &amp; Marine Equipments\",\"potentialAction\":[{\"@type\":\"SearchAction\",\"target\":\"https:\/\/sunqueenvina.com.vn\/?s={search_term_string}\",\"query-input\":\"required name=search_term_string\"}],\"inLanguage\":\"vi\"},{\"@type\":\"ImageObject\",\"@id\":\"https:\/\/sunqueenvina.com.vn\/?page_id=685#primaryimage\",\"inLanguage\":\"vi\",\"url\":\"https:\/\/sunqueenvina.com.vn\/wp-content\/uploads\/2022\/10\/z3549134342808_fa095965d5cafa40aa4b42741ef6743e-edited.jpg\",\"width\":539,\"height\":359},{\"@type\":\"WebPage\",\"@id\":\"https:\/\/sunqueenvina.com.vn\/?page_id=685#webpage\",\"url\":\"https:\/\/sunqueenvina.com.vn\/?page_id=685\",\"name\":\"STORGE - V\\u1eacT T\\u01af PH\\u1ee4 - SUNQUEEN VINA\",\"isPartOf\":{\"@id\":\"https:\/\/sunqueenvina.com.vn\/#website\"},\"primaryImageOfPage\":{\"@id\":\"https:\/\/sunqueenvina.com.vn\/?page_id=685#primaryimage\"},\"datePublished\":\"2021-06-26T07:58:15+00:00\",\"dateModified\":\"2022-11-16T11:01:00+00:00\",\"inLanguage\":\"vi\",\"potentialAction\":[{\"@type\":\"ReadAction\",\"target\":[\"https:\/\/sunqueenvina.com.vn\/?page_id=685\"]}]}]}<\/script>\n<!-- \/ Yoast SEO plugin. -->","_links":{"self":[{"href":"https:\/\/sunqueenvina.com.vn\/index.php?rest_route=\/wp\/v2\/pages\/685"}],"collection":[{"href":"https:\/\/sunqueenvina.com.vn\/index.php?rest_route=\/wp\/v2\/pages"}],"about":[{"href":"https:\/\/sunqueenvina.com.vn\/index.php?rest_route=\/wp\/v2\/types\/page"}],"author":[{"embeddable":true,"href":"https:\/\/sunqueenvina.com.vn\/index.php?rest_route=\/wp\/v2\/users\/1"}],"replies":[{"embeddable":true,"href":"https:\/\/sunqueenvina.com.vn\/index.php?rest_route=%2Fwp%2Fv2%2Fcomments&post=685"}],"version-history":[{"count":53,"href":"https:\/\/sunqueenvina.com.vn\/index.php?rest_route=\/wp\/v2\/pages\/685\/revisions"}],"predecessor-version":[{"id":1118,"href":"https:\/\/sunqueenvina.com.vn\/index.php?rest_route=\/wp\/v2\/pages\/685\/revisions\/1118"}],"wp:attachment":[{"href":"https:\/\/sunqueenvina.com.vn\/index.php?rest_route=%2Fwp%2Fv2%2Fmedia&parent=685"}],"curies":[{"name":"wp","href":"https:\/\/api.w.org\/{rel}","templated":true}]}}