{"id":518,"date":"2020-10-05T11:09:05","date_gmt":"2020-10-05T04:09:05","guid":{"rendered":"https:\/\/sqvina.com\/?page_id=518"},"modified":"2024-11-30T07:49:43","modified_gmt":"2024-11-30T00:49:43","slug":"thiet-bi-nganh-duc","status":"publish","type":"page","link":"https:\/\/sunqueenvina.com.vn\/?page_id=518","title":{"rendered":"OEM &#8211; \u0110\u00daC V\u00c0 GIA C\u00d4NG"},"content":{"rendered":"\n<p><\/p>\n\n\n\n<!--more S\u1ea2N PH\u1ea8M-->\n\n\n\n<figure class=\"wp-block-table\"><table><tbody><tr><td class=\"has-text-align-center\" data-align=\"center\"><img loading=\"lazy\" width=\"2560\" height=\"1440\" class=\"wp-image-1140\" style=\"width: 150px;\" src=\"https:\/\/sunqueenvina.com.vn\/wp-content\/uploads\/2022\/11\/IMG_20150520_161022-scaled.jpg\" alt=\"\" srcset=\"https:\/\/sunqueenvina.com.vn\/wp-content\/uploads\/2022\/11\/IMG_20150520_161022-scaled.jpg 2560w, https:\/\/sunqueenvina.com.vn\/wp-content\/uploads\/2022\/11\/IMG_20150520_161022-300x169.jpg 300w, https:\/\/sunqueenvina.com.vn\/wp-content\/uploads\/2022\/11\/IMG_20150520_161022-1024x576.jpg 1024w, https:\/\/sunqueenvina.com.vn\/wp-content\/uploads\/2022\/11\/IMG_20150520_161022-768x432.jpg 768w, https:\/\/sunqueenvina.com.vn\/wp-content\/uploads\/2022\/11\/IMG_20150520_161022-1536x864.jpg 1536w, https:\/\/sunqueenvina.com.vn\/wp-content\/uploads\/2022\/11\/IMG_20150520_161022-2048x1152.jpg 2048w\" sizes=\"(max-width: 2560px) 100vw, 2560px\" \/><br>CHOCKS<\/td><td class=\"has-text-align-center\" data-align=\"center\"><img loading=\"lazy\" width=\"2560\" height=\"1440\" class=\"wp-image-1142\" style=\"width: 160px;\" src=\"https:\/\/sunqueenvina.com.vn\/wp-content\/uploads\/2022\/11\/20210611_150529-scaled.jpg\" alt=\"\" srcset=\"https:\/\/sunqueenvina.com.vn\/wp-content\/uploads\/2022\/11\/20210611_150529-scaled.jpg 2560w, https:\/\/sunqueenvina.com.vn\/wp-content\/uploads\/2022\/11\/20210611_150529-300x169.jpg 300w, https:\/\/sunqueenvina.com.vn\/wp-content\/uploads\/2022\/11\/20210611_150529-1024x576.jpg 1024w, https:\/\/sunqueenvina.com.vn\/wp-content\/uploads\/2022\/11\/20210611_150529-768x432.jpg 768w, https:\/\/sunqueenvina.com.vn\/wp-content\/uploads\/2022\/11\/20210611_150529-1536x864.jpg 1536w, https:\/\/sunqueenvina.com.vn\/wp-content\/uploads\/2022\/11\/20210611_150529-2048x1152.jpg 2048w\" sizes=\"(max-width: 2560px) 100vw, 2560px\" \/><br>PROPELLER SHAFT<\/td><td class=\"has-text-align-center\" data-align=\"center\"><img loading=\"lazy\" width=\"1280\" height=\"960\" class=\"wp-image-1151\" style=\"width: 140px;\" src=\"https:\/\/sunqueenvina.com.vn\/wp-content\/uploads\/2022\/11\/8805a82871c99497cdd8.jpg\" alt=\"\" srcset=\"https:\/\/sunqueenvina.com.vn\/wp-content\/uploads\/2022\/11\/8805a82871c99497cdd8.jpg 1280w, https:\/\/sunqueenvina.com.vn\/wp-content\/uploads\/2022\/11\/8805a82871c99497cdd8-300x225.jpg 300w, https:\/\/sunqueenvina.com.vn\/wp-content\/uploads\/2022\/11\/8805a82871c99497cdd8-1024x768.jpg 1024w, https:\/\/sunqueenvina.com.vn\/wp-content\/uploads\/2022\/11\/8805a82871c99497cdd8-768x576.jpg 768w\" sizes=\"(max-width: 1280px) 100vw, 1280px\" \/><br>PUMP CASING<\/td><\/tr><tr><td class=\"has-text-align-center\" data-align=\"center\"><img loading=\"lazy\" width=\"800\" height=\"600\" class=\"wp-image-1150\" style=\"width: 150px;\" src=\"https:\/\/sunqueenvina.com.vn\/wp-content\/uploads\/2022\/11\/Tay-van-tau-thuy-Vat-lieu-SC450.jpg\" alt=\"\" srcset=\"https:\/\/sunqueenvina.com.vn\/wp-content\/uploads\/2022\/11\/Tay-van-tau-thuy-Vat-lieu-SC450.jpg 800w, https:\/\/sunqueenvina.com.vn\/wp-content\/uploads\/2022\/11\/Tay-van-tau-thuy-Vat-lieu-SC450-300x225.jpg 300w, https:\/\/sunqueenvina.com.vn\/wp-content\/uploads\/2022\/11\/Tay-van-tau-thuy-Vat-lieu-SC450-768x576.jpg 768w\" sizes=\"(max-width: 800px) 100vw, 800px\" \/><br>VALVE HANDLE<\/td><td class=\"has-text-align-center\" data-align=\"center\"><img loading=\"lazy\" width=\"1280\" height=\"960\" class=\"wp-image-1190\" style=\"width: 150px;\" src=\"https:\/\/sunqueenvina.com.vn\/wp-content\/uploads\/2023\/04\/z4251886108457_594abae9063847e0bf18b873623175d5.jpg\" alt=\"\" srcset=\"https:\/\/sunqueenvina.com.vn\/wp-content\/uploads\/2023\/04\/z4251886108457_594abae9063847e0bf18b873623175d5.jpg 1280w, https:\/\/sunqueenvina.com.vn\/wp-content\/uploads\/2023\/04\/z4251886108457_594abae9063847e0bf18b873623175d5-300x225.jpg 300w, https:\/\/sunqueenvina.com.vn\/wp-content\/uploads\/2023\/04\/z4251886108457_594abae9063847e0bf18b873623175d5-1024x768.jpg 1024w, https:\/\/sunqueenvina.com.vn\/wp-content\/uploads\/2023\/04\/z4251886108457_594abae9063847e0bf18b873623175d5-768x576.jpg 768w\" sizes=\"(max-width: 1280px) 100vw, 1280px\" \/><br>ANCHOR<\/td><td class=\"has-text-align-center\" data-align=\"center\"><img loading=\"lazy\" width=\"2560\" height=\"1920\" class=\"wp-image-1147\" style=\"width: 150px;\" src=\"https:\/\/sunqueenvina.com.vn\/wp-content\/uploads\/2022\/11\/20181114_155627-scaled.jpg\" alt=\"\" srcset=\"https:\/\/sunqueenvina.com.vn\/wp-content\/uploads\/2022\/11\/20181114_155627-scaled.jpg 2560w, https:\/\/sunqueenvina.com.vn\/wp-content\/uploads\/2022\/11\/20181114_155627-300x225.jpg 300w, https:\/\/sunqueenvina.com.vn\/wp-content\/uploads\/2022\/11\/20181114_155627-1024x768.jpg 1024w, https:\/\/sunqueenvina.com.vn\/wp-content\/uploads\/2022\/11\/20181114_155627-768x576.jpg 768w, https:\/\/sunqueenvina.com.vn\/wp-content\/uploads\/2022\/11\/20181114_155627-1536x1152.jpg 1536w, https:\/\/sunqueenvina.com.vn\/wp-content\/uploads\/2022\/11\/20181114_155627-2048x1536.jpg 2048w\" sizes=\"(max-width: 2560px) 100vw, 2560px\" \/><br>MANHOLE COVER<\/td><\/tr><tr><td class=\"has-text-align-center\" data-align=\"center\"><img loading=\"lazy\" width=\"476\" height=\"310\" class=\"wp-image-508\" style=\"width: 150px;\" src=\"https:\/\/sunqueenvina.com.vn\/wp-content\/uploads\/2020\/10\/7fb3f5161864ff3aa675.png\" alt=\"\" srcset=\"https:\/\/sunqueenvina.com.vn\/wp-content\/uploads\/2020\/10\/7fb3f5161864ff3aa675.png 476w, https:\/\/sunqueenvina.com.vn\/wp-content\/uploads\/2020\/10\/7fb3f5161864ff3aa675-300x195.png 300w\" sizes=\"(max-width: 476px) 100vw, 476px\" \/><br>FLANGES<\/td><td class=\"has-text-align-center\" data-align=\"center\"><img loading=\"lazy\" width=\"2560\" height=\"1709\" class=\"wp-image-1125\" style=\"width: 150px;\" src=\"https:\/\/sunqueenvina.com.vn\/wp-content\/uploads\/2022\/11\/30-scaled.jpg\" alt=\"\" srcset=\"https:\/\/sunqueenvina.com.vn\/wp-content\/uploads\/2022\/11\/30-scaled.jpg 2560w, https:\/\/sunqueenvina.com.vn\/wp-content\/uploads\/2022\/11\/30-300x200.jpg 300w, https:\/\/sunqueenvina.com.vn\/wp-content\/uploads\/2022\/11\/30-1024x684.jpg 1024w, https:\/\/sunqueenvina.com.vn\/wp-content\/uploads\/2022\/11\/30-768x513.jpg 768w, https:\/\/sunqueenvina.com.vn\/wp-content\/uploads\/2022\/11\/30-1536x1025.jpg 1536w, https:\/\/sunqueenvina.com.vn\/wp-content\/uploads\/2022\/11\/30-2048x1367.jpg 2048w, https:\/\/sunqueenvina.com.vn\/wp-content\/uploads\/2022\/11\/30-570x380.jpg 570w, https:\/\/sunqueenvina.com.vn\/wp-content\/uploads\/2022\/11\/30-380x254.jpg 380w, https:\/\/sunqueenvina.com.vn\/wp-content\/uploads\/2022\/11\/30-285x190.jpg 285w\" sizes=\"(max-width: 2560px) 100vw, 2560px\" \/><br>GEARS<\/td><td class=\"has-text-align-center\" data-align=\"center\"><img loading=\"lazy\" width=\"758\" height=\"548\" class=\"wp-image-529\" style=\"width: 150px;\" src=\"https:\/\/sunqueenvina.com.vn\/wp-content\/uploads\/2020\/10\/c4446a49bb3b5c65052a.png\" alt=\"\" srcset=\"https:\/\/sunqueenvina.com.vn\/wp-content\/uploads\/2020\/10\/c4446a49bb3b5c65052a.png 758w, https:\/\/sunqueenvina.com.vn\/wp-content\/uploads\/2020\/10\/c4446a49bb3b5c65052a-300x217.png 300w\" sizes=\"(max-width: 758px) 100vw, 758px\" \/><br>MACHINING FLANGES<\/td><\/tr><tr><td class=\"has-text-align-center\" data-align=\"center\"><img loading=\"lazy\" width=\"408\" height=\"261\" class=\"wp-image-530\" style=\"width: 150px;\" src=\"https:\/\/sunqueenvina.com.vn\/wp-content\/uploads\/2020\/10\/102da3ab73d99487cdc8.png\" alt=\"\" srcset=\"https:\/\/sunqueenvina.com.vn\/wp-content\/uploads\/2020\/10\/102da3ab73d99487cdc8.png 408w, https:\/\/sunqueenvina.com.vn\/wp-content\/uploads\/2020\/10\/102da3ab73d99487cdc8-300x192.png 300w\" sizes=\"(max-width: 408px) 100vw, 408px\" \/><br>COOLER BOX<\/td><td class=\"has-text-align-center\" data-align=\"center\"><img loading=\"lazy\" width=\"410\" height=\"266\" class=\"wp-image-528\" style=\"width: 150px;\" src=\"https:\/\/sunqueenvina.com.vn\/wp-content\/uploads\/2020\/10\/01d57828a05a47041e4b.png\" alt=\"\" srcset=\"https:\/\/sunqueenvina.com.vn\/wp-content\/uploads\/2020\/10\/01d57828a05a47041e4b.png 410w, https:\/\/sunqueenvina.com.vn\/wp-content\/uploads\/2020\/10\/01d57828a05a47041e4b-300x195.png 300w\" sizes=\"(max-width: 410px) 100vw, 410px\" \/><br>BOSS<\/td><td class=\"has-text-align-center\" data-align=\"center\"><img loading=\"lazy\" width=\"448\" height=\"256\" class=\"wp-image-527\" style=\"width: 150px;\" src=\"https:\/\/sunqueenvina.com.vn\/wp-content\/uploads\/2020\/10\/613cb4d666a481fad8b5.png\" alt=\"\" srcset=\"https:\/\/sunqueenvina.com.vn\/wp-content\/uploads\/2020\/10\/613cb4d666a481fad8b5.png 448w, https:\/\/sunqueenvina.com.vn\/wp-content\/uploads\/2020\/10\/613cb4d666a481fad8b5-300x171.png 300w\" sizes=\"(max-width: 448px) 100vw, 448px\" \/><br>CABLE CONNECTOR<\/td><\/tr><\/tbody><\/table><\/figure>\n\n\n\n<p><\/p>\n","protected":false},"excerpt":{"rendered":"","protected":false},"author":1,"featured_media":0,"parent":0,"menu_order":0,"comment_status":"closed","ping_status":"closed","template":"","meta":[],"yoast_head":"<!-- This site is optimized with the Yoast SEO plugin v14.9 - https:\/\/yoast.com\/wordpress\/plugins\/seo\/ -->\n<title>OEM - \u0110\u00daC V\u00c0 GIA C\u00d4NG - SUNQUEEN VINA<\/title>\n<meta name=\"robots\" content=\"noindex, follow, max-snippet:-1, max-image-preview:large, max-video-preview:-1\" \/>\n<meta property=\"og:locale\" content=\"vi_VN\" \/>\n<meta property=\"og:type\" content=\"article\" \/>\n<meta property=\"og:title\" content=\"OEM - \u0110\u00daC V\u00c0 GIA C\u00d4NG - SUNQUEEN VINA\" \/>\n<meta property=\"og:url\" content=\"https:\/\/sunqueenvina.com.vn\/?page_id=518\" \/>\n<meta property=\"og:site_name\" content=\"SUNQUEEN VINA\" \/>\n<meta property=\"article:modified_time\" content=\"2024-11-30T00:49:43+00:00\" \/>\n<meta property=\"og:image\" content=\"https:\/\/sunqueenvina.com.vn\/wp-content\/uploads\/2022\/11\/IMG_20150520_161022-scaled.jpg\" \/>\n<meta name=\"twitter:card\" content=\"summary_large_image\" \/>\n<script type=\"application\/ld+json\" class=\"yoast-schema-graph\">{\"@context\":\"https:\/\/schema.org\",\"@graph\":[{\"@type\":\"WebSite\",\"@id\":\"https:\/\/sunqueenvina.com.vn\/#website\",\"url\":\"https:\/\/sunqueenvina.com.vn\/\",\"name\":\"SUNQUEEN VINA\",\"description\":\"OEM &amp; Marine Equipments\",\"potentialAction\":[{\"@type\":\"SearchAction\",\"target\":\"https:\/\/sunqueenvina.com.vn\/?s={search_term_string}\",\"query-input\":\"required name=search_term_string\"}],\"inLanguage\":\"vi\"},{\"@type\":\"ImageObject\",\"@id\":\"https:\/\/sunqueenvina.com.vn\/?page_id=518#primaryimage\",\"inLanguage\":\"vi\",\"url\":\"https:\/\/sunqueenvina.com.vn\/wp-content\/uploads\/2022\/11\/IMG_20150520_161022-scaled.jpg\",\"width\":2560,\"height\":1440},{\"@type\":\"WebPage\",\"@id\":\"https:\/\/sunqueenvina.com.vn\/?page_id=518#webpage\",\"url\":\"https:\/\/sunqueenvina.com.vn\/?page_id=518\",\"name\":\"OEM - \\u0110\\u00daC V\\u00c0 GIA C\\u00d4NG - SUNQUEEN VINA\",\"isPartOf\":{\"@id\":\"https:\/\/sunqueenvina.com.vn\/#website\"},\"primaryImageOfPage\":{\"@id\":\"https:\/\/sunqueenvina.com.vn\/?page_id=518#primaryimage\"},\"datePublished\":\"2020-10-05T04:09:05+00:00\",\"dateModified\":\"2024-11-30T00:49:43+00:00\",\"inLanguage\":\"vi\",\"potentialAction\":[{\"@type\":\"ReadAction\",\"target\":[\"https:\/\/sunqueenvina.com.vn\/?page_id=518\"]}]}]}<\/script>\n<!-- \/ Yoast SEO plugin. -->","_links":{"self":[{"href":"https:\/\/sunqueenvina.com.vn\/index.php?rest_route=\/wp\/v2\/pages\/518"}],"collection":[{"href":"https:\/\/sunqueenvina.com.vn\/index.php?rest_route=\/wp\/v2\/pages"}],"about":[{"href":"https:\/\/sunqueenvina.com.vn\/index.php?rest_route=\/wp\/v2\/types\/page"}],"author":[{"embeddable":true,"href":"https:\/\/sunqueenvina.com.vn\/index.php?rest_route=\/wp\/v2\/users\/1"}],"replies":[{"embeddable":true,"href":"https:\/\/sunqueenvina.com.vn\/index.php?rest_route=%2Fwp%2Fv2%2Fcomments&post=518"}],"version-history":[{"count":16,"href":"https:\/\/sunqueenvina.com.vn\/index.php?rest_route=\/wp\/v2\/pages\/518\/revisions"}],"predecessor-version":[{"id":1405,"href":"https:\/\/sunqueenvina.com.vn\/index.php?rest_route=\/wp\/v2\/pages\/518\/revisions\/1405"}],"wp:attachment":[{"href":"https:\/\/sunqueenvina.com.vn\/index.php?rest_route=%2Fwp%2Fv2%2Fmedia&parent=518"}],"curies":[{"name":"wp","href":"https:\/\/api.w.org\/{rel}","templated":true}]}}