{"id":263,"date":"2020-09-14T23:17:42","date_gmt":"2020-09-14T16:17:42","guid":{"rendered":"https:\/\/sqvina.com\/?page_id=263"},"modified":"2025-07-24T09:47:43","modified_gmt":"2025-07-24T02:47:43","slug":"lien-he","status":"publish","type":"page","link":"https:\/\/sunqueenvina.com.vn\/?page_id=263","title":{"rendered":"LI\u00caN H\u1ec6"},"content":{"rendered":"<table style=\"border-collapse: collapse; width: 102.758%;\">\n<tbody>\n<tr>\n<td style=\"width: 48.9796%; text-align: left;\">\n<p><strong><span style=\"text-decoration: underline;\">VI\u1ec6T NAM:<\/span><\/strong><\/p>\n<p>C\u00d4NG TY TNHH SUNQUEEN VINA<\/p>\n<p>Add<strong>:<\/strong> S\u1ed1 3\/193 \u0110\u01b0\u1eddng V\u0103n Cao , P. Gia Vi\u00ean , <strong>H\u1ea3i ph\u00f2ng<\/strong> , Vi\u1ec7t Nam<\/p>\n<p>Office: T\u1ea7ng 4, T\u00f2a \u0110i\u1ec1u H\u00e0nh, Nh\u00e0 Kh\u00e1ch H\u1ea3i Qu\u00e2n, 27C \u0110i\u1ec7n Bi\u00ean Ph\u1ee7, P. H\u1ed3ng B\u00e0ng, TP. H\u1ea3i Ph\u00f2ng<\/p>\n<p>Phone\/zalo: (+84) 978 003 607<\/p>\n<p>Email: <a href=\"mailto:duyduc@sunqueenvina.com.vn\">duyduc@sunqueenvina.com.vn<\/a><\/p>\n<p><a href=\"http:\/\/www.sunqueenvina.com.vn\">http\/\/: www.sunqueenvina.com.vn<\/a><\/p>\n<\/td>\n<td style=\"width: 54.6523%; text-align: left;\">\n<p><strong><span style=\"text-decoration: underline;\">H\u00c0N QU\u1ed0C:<\/span><\/strong><\/p>\n<p>KNC ENGINEERING<\/p>\n<p><span lang=\"EN-US\">Ad: 1706 Centum IS Tower, 1209 Jaesong-dong, Haeundae-gu, <b>Busan<\/b> Korea 48059<\/span><\/p>\n<p>T : +82-51-784-8724<\/p>\n<p style=\"font-weight: 400;\">MB: +82-10-3397-7964<\/p>\n<p>E: <u><span lang=\"EN-US\"><a href=\"mailto:song-ho.o@knc-engineering.com\" target=\"_blank\" rel=\"noopener noreferrer\">song-ho.o@knc-engineering.com<\/a><\/span><\/u><\/p>\n<\/td>\n<\/tr>\n<\/tbody>\n<\/table>\n\n\n<p><strong>H\u00e3y li\u00ean h\u1ec7 v\u1edbi ch\u00fang t\u00f4i:<\/strong><\/p>\n\n\n<div role=\"form\" class=\"wpcf7\" id=\"wpcf7-f32-o1\" lang=\"vi\" dir=\"ltr\">\n<div class=\"screen-reader-response\" role=\"alert\" aria-live=\"polite\"><\/div>\n<form action=\"\/index.php?rest_route=%2Fwp%2Fv2%2Fpages%2F263#wpcf7-f32-o1\" method=\"post\" class=\"wpcf7-form init\" novalidate=\"novalidate\">\n<div style=\"display: none;\">\n<input type=\"hidden\" name=\"_wpcf7\" value=\"32\" \/>\n<input type=\"hidden\" name=\"_wpcf7_version\" value=\"5.2.2\" \/>\n<input type=\"hidden\" name=\"_wpcf7_locale\" value=\"vi\" \/>\n<input type=\"hidden\" name=\"_wpcf7_unit_tag\" value=\"wpcf7-f32-o1\" \/>\n<input type=\"hidden\" name=\"_wpcf7_container_post\" value=\"0\" \/>\n<input type=\"hidden\" name=\"_wpcf7_posted_data_hash\" value=\"\" \/>\n<\/div>\n<p><label> T\u00ean c\u1ee7a b\u1ea1n (b\u1eaft bu\u1ed9c)<br \/>\n    <span class=\"wpcf7-form-control-wrap your-name\"><input type=\"text\" name=\"your-name\" value=\"\" size=\"40\" class=\"wpcf7-form-control wpcf7-text wpcf7-validates-as-required\" aria-required=\"true\" aria-invalid=\"false\" \/><\/span> <\/label><\/p>\n<p><label> \u0110\u1ecba ch\u1ec9 Email (b\u1eaft bu\u1ed9c)<br \/>\n    <span class=\"wpcf7-form-control-wrap your-email\"><input type=\"email\" name=\"your-email\" value=\"\" size=\"40\" class=\"wpcf7-form-control wpcf7-text wpcf7-email wpcf7-validates-as-required wpcf7-validates-as-email\" aria-required=\"true\" aria-invalid=\"false\" \/><\/span> <\/label><\/p>\n<p><label> Ti\u00eau \u0111\u1ec1:<br \/>\n    <span class=\"wpcf7-form-control-wrap your-subject\"><input type=\"text\" name=\"your-subject\" value=\"\" size=\"40\" class=\"wpcf7-form-control wpcf7-text\" aria-invalid=\"false\" \/><\/span> <\/label><\/p>\n<p><label> N\u1ed9i dung<br \/>\n    <span class=\"wpcf7-form-control-wrap your-message\"><textarea name=\"your-message\" cols=\"40\" rows=\"10\" class=\"wpcf7-form-control wpcf7-textarea\" aria-invalid=\"false\"><\/textarea><\/span> <\/label><\/p>\n<p><input type=\"submit\" value=\"G\u1eedi \u0111i\" class=\"wpcf7-form-control wpcf7-submit\" \/><\/p>\n<div class=\"wpcf7-response-output\" role=\"alert\" aria-hidden=\"true\"><\/div><\/form><\/div>\n","protected":false},"excerpt":{"rendered":"<p>VI\u1ec6T NAM: C\u00d4NG TY TNHH SUNQUEEN VINA Add: S\u1ed1 3\/193 \u0110\u01b0\u1eddng V\u0103n Cao , P. Gia Vi\u00ean , H\u1ea3i ph\u00f2ng , Vi\u1ec7t Nam Office: T\u1ea7ng 4, T\u00f2a \u0110i\u1ec1u H\u00e0nh, Nh\u00e0 Kh\u00e1ch H\u1ea3i Qu\u00e2n, 27C \u0110i\u1ec7n Bi\u00ean Ph\u1ee7, P. H\u1ed3ng B\u00e0ng, TP. H\u1ea3i Ph\u00f2ng Phone\/zalo: (+84) 978 003 607 Email: duyduc@sunqueenvina.com.vn http\/\/: www.sunqueenvina.com.vn H\u00c0N QU\u1ed0C: KNC<span class=\"post-excerpt-end\">&hellip;<\/span><\/p>\n<p class=\"more-link\"><a href=\"https:\/\/sunqueenvina.com.vn\/?page_id=263\" class=\"themebutton\">Read More<\/a><\/p>\n","protected":false},"author":1,"featured_media":0,"parent":0,"menu_order":0,"comment_status":"closed","ping_status":"closed","template":"","meta":[],"yoast_head":"<!-- This site is optimized with the Yoast SEO plugin v14.9 - https:\/\/yoast.com\/wordpress\/plugins\/seo\/ -->\n<title>LI\u00caN H\u1ec6 - SUNQUEEN VINA<\/title>\n<meta name=\"robots\" content=\"noindex, follow, max-snippet:-1, max-image-preview:large, max-video-preview:-1\" \/>\n<meta property=\"og:locale\" content=\"vi_VN\" \/>\n<meta property=\"og:type\" content=\"article\" \/>\n<meta property=\"og:title\" content=\"LI\u00caN H\u1ec6 - SUNQUEEN VINA\" \/>\n<meta property=\"og:description\" content=\"VI\u1ec6T NAM: C\u00d4NG TY TNHH SUNQUEEN VINA Add: S\u1ed1 3\/193 \u0110\u01b0\u1eddng V\u0103n Cao , P. Gia Vi\u00ean , H\u1ea3i ph\u00f2ng , Vi\u1ec7t Nam Office: T\u1ea7ng 4, T\u00f2a \u0110i\u1ec1u H\u00e0nh, Nh\u00e0 Kh\u00e1ch H\u1ea3i Qu\u00e2n, 27C \u0110i\u1ec7n Bi\u00ean Ph\u1ee7, P. H\u1ed3ng B\u00e0ng, TP. H\u1ea3i Ph\u00f2ng Phone\/zalo: (+84) 978 003 607 Email: duyduc@sunqueenvina.com.vn http\/\/: www.sunqueenvina.com.vn H\u00c0N QU\u1ed0C: KNC&hellip;Read More\" \/>\n<meta property=\"og:url\" content=\"https:\/\/sunqueenvina.com.vn\/?page_id=263\" \/>\n<meta property=\"og:site_name\" content=\"SUNQUEEN VINA\" \/>\n<meta property=\"article:modified_time\" content=\"2025-07-24T02:47:43+00:00\" \/>\n<meta name=\"twitter:card\" content=\"summary_large_image\" \/>\n<script type=\"application\/ld+json\" class=\"yoast-schema-graph\">{\"@context\":\"https:\/\/schema.org\",\"@graph\":[{\"@type\":\"WebSite\",\"@id\":\"https:\/\/sunqueenvina.com.vn\/#website\",\"url\":\"https:\/\/sunqueenvina.com.vn\/\",\"name\":\"SUNQUEEN VINA\",\"description\":\"OEM &amp; Marine Equipments\",\"potentialAction\":[{\"@type\":\"SearchAction\",\"target\":\"https:\/\/sunqueenvina.com.vn\/?s={search_term_string}\",\"query-input\":\"required name=search_term_string\"}],\"inLanguage\":\"vi\"},{\"@type\":\"WebPage\",\"@id\":\"https:\/\/sunqueenvina.com.vn\/?page_id=263#webpage\",\"url\":\"https:\/\/sunqueenvina.com.vn\/?page_id=263\",\"name\":\"LI\\u00caN H\\u1ec6 - SUNQUEEN VINA\",\"isPartOf\":{\"@id\":\"https:\/\/sunqueenvina.com.vn\/#website\"},\"datePublished\":\"2020-09-14T16:17:42+00:00\",\"dateModified\":\"2025-07-24T02:47:43+00:00\",\"inLanguage\":\"vi\",\"potentialAction\":[{\"@type\":\"ReadAction\",\"target\":[\"https:\/\/sunqueenvina.com.vn\/?page_id=263\"]}]}]}<\/script>\n<!-- \/ Yoast SEO plugin. -->","_links":{"self":[{"href":"https:\/\/sunqueenvina.com.vn\/index.php?rest_route=\/wp\/v2\/pages\/263"}],"collection":[{"href":"https:\/\/sunqueenvina.com.vn\/index.php?rest_route=\/wp\/v2\/pages"}],"about":[{"href":"https:\/\/sunqueenvina.com.vn\/index.php?rest_route=\/wp\/v2\/types\/page"}],"author":[{"embeddable":true,"href":"https:\/\/sunqueenvina.com.vn\/index.php?rest_route=\/wp\/v2\/users\/1"}],"replies":[{"embeddable":true,"href":"https:\/\/sunqueenvina.com.vn\/index.php?rest_route=%2Fwp%2Fv2%2Fcomments&post=263"}],"version-history":[{"count":43,"href":"https:\/\/sunqueenvina.com.vn\/index.php?rest_route=\/wp\/v2\/pages\/263\/revisions"}],"predecessor-version":[{"id":1468,"href":"https:\/\/sunqueenvina.com.vn\/index.php?rest_route=\/wp\/v2\/pages\/263\/revisions\/1468"}],"wp:attachment":[{"href":"https:\/\/sunqueenvina.com.vn\/index.php?rest_route=%2Fwp%2Fv2%2Fmedia&parent=263"}],"curies":[{"name":"wp","href":"https:\/\/api.w.org\/{rel}","templated":true}]}}