{"id":1479,"date":"2025-10-24T23:09:37","date_gmt":"2025-10-24T16:09:37","guid":{"rendered":"https:\/\/sunqueenvina.com.vn\/?page_id=1479"},"modified":"2025-10-24T23:16:34","modified_gmt":"2025-10-24T16:16:34","slug":"provision-plant-he-thong-lanh-thuc-pham","status":"publish","type":"page","link":"https:\/\/sunqueenvina.com.vn\/?page_id=1479","title":{"rendered":"Provision Plant | H\u1ec7 th\u1ed1ng l\u1ea1nh th\u1ef1c ph\u1ea9m"},"content":{"rendered":"\n<p><strong>H\u1ec7 th\u1ed1ng l\u1ea1nh th\u1ef1c ph\u1ea9m <\/strong>\u0111\u01b0\u1ee3c thi\u1ebft k\u1ebf nh\u1eb1m b\u1ea3o qu\u1ea3n v\u00e0 duy tr\u00ec ch\u1ea5t l\u01b0\u1ee3ng th\u1ef1c ph\u1ea9m ph\u1ee5c v\u1ee5 cho sinh ho\u1ea1t c\u1ee7a thuy\u1ec1n vi\u00ean trong su\u1ed1t h\u00e0nh tr\u00ecnh tr\u00ean bi\u1ec3n.<br>H\u1ec7 th\u1ed1ng ho\u1ea1t \u0111\u1ed9ng \u1ed5n \u0111\u1ecbnh trong \u0111i\u1ec1u ki\u1ec7n m\u00f4i tr\u01b0\u1eddng kh\u1eafc nghi\u1ec7t, \u0111\u1ea3m b\u1ea3o nhi\u1ec7t \u0111\u1ed9 ch\u00ednh x\u00e1c, hi\u1ec7u su\u1ea5t cao v\u00e0 \u0111\u1ed9 tin c\u1eady tuy\u1ec7t \u0111\u1ed1i.<\/p>\n\n\n\n<p>C\u1ea5u h\u00ecnh ti\u00eau chu\u1ea9n g\u1ed3m:<\/p>\n\n\n\n<ul><li><strong>M\u00e1y n\u00e9n l\u1ea1nh hi\u1ec7u su\u1ea5t cao<\/strong>: V\u1eadn h\u00e0nh \u00eam v\u00e0 ti\u1ebft ki\u1ec7m n\u0103ng l\u01b0\u1ee3ng.<\/li><li><strong>B\u00ecnh ng\u01b0ng l\u00e0m m\u00e1t b\u1eb1ng n\u01b0\u1edbc bi\u1ec3n<\/strong>: \u0110\u1ea3m b\u1ea3o kh\u1ea3 n\u0103ng trao \u0111\u1ed5i nhi\u1ec7t t\u1ed1i \u01b0u.<\/li><li><strong>D\u00e0n bay h\u01a1i v\u1edbi qu\u1ea1t gi\u00f3<\/strong>: Ph\u00e2n b\u1ed1 nhi\u1ec7t \u0111\u1ed3ng \u0111\u1ec1u trong c\u00e1c ph\u00f2ng l\u1ea1nh.<\/li><li><strong>H\u1ec7 th\u1ed1ng \u0111i\u1ec1u khi\u1ec3n t\u1ef1 \u0111\u1ed9ng<\/strong>: T\u00edch h\u1ee3p c\u1ea3m bi\u1ebfn nhi\u1ec7t \u0111\u1ed9 v\u00e0 c\u1ea3nh b\u00e1o an to\u00e0n.<\/li><\/ul>\n\n\n\n<p>Ph\u00e2n chia bu\u1ed3ng l\u1ea1nh:<\/p>\n\n\n\n<ul><li><strong>Bu\u1ed3ng c\u1ea5p \u0111\u00f4ng (abt \u201318\u00b0C):<\/strong> D\u00f9ng b\u1ea3o qu\u1ea3n th\u1ef1c ph\u1ea9m \u0111\u00f4ng l\u1ea1nh, th\u1ecbt c\u00e1.<\/li><li><strong>Bu\u1ed3ng m\u00e1t (abt +5\u00b0C):<\/strong> b\u1ea3o qu\u1ea3n rau c\u1ee7, tr\u00e1i c\u00e2y, s\u1eefa v\u00e0 th\u1ef1c ph\u1ea9m t\u01b0\u01a1i.<\/li><li><strong>Bu\u1ed3ng kh\u00f4 (+15<strong>\u00b0<\/strong>C):<\/strong> l\u01b0u tr\u1eef th\u1ef1c ph\u1ea9m kh\u00f4, b\u00e1nh k\u1eb9o, gia v\u1ecb.<\/li><\/ul>\n\n\n\n<p>\u01afu \u0111i\u1ec3m n\u1ed5i b\u1eadt:<\/p>\n\n\n\n<ul><li>Ho\u1ea1t \u0111\u1ed9ng <strong>\u1ed5n \u0111\u1ecbnh, b\u1ec1n b\u1ec9<\/strong> trong m\u00f4i tr\u01b0\u1eddng h\u00e0ng h\u1ea3i.<\/li><li><strong>T\u1ef1 \u0111\u1ed9ng h\u00f3a cao<\/strong>, d\u1ec5 v\u1eadn h\u00e0nh v\u00e0 b\u1ea3o d\u01b0\u1ee1ng.<\/li><li><strong>Ti\u1ebft ki\u1ec7m n\u0103ng l\u01b0\u1ee3ng<\/strong>, th\u00e2n thi\u1ec7n m\u00f4i tr\u01b0\u1eddng, \u0111\u00e1p \u1ee9ng ti\u00eau chu\u1ea9n IMO v\u00e0 Class.<\/li><\/ul>\n\n\n\n<table style=\"border-collapse: collapse; width: 100%; height: 303px;\">\n<tbody>\n<tr style=\"height: 303px;\">\n<td style=\"width: 50%; height: 303px;\"><img loading=\"lazy\" class=\"alignnone size-medium wp-image-1487\" src=\"https:\/\/sunqueenvina.com.vn\/wp-content\/uploads\/2025\/10\/11-removebg-preview-1-300x295.png\" alt=\"\" width=\"300\" height=\"295\" srcset=\"https:\/\/sunqueenvina.com.vn\/wp-content\/uploads\/2025\/10\/11-removebg-preview-1-300x295.png 300w, https:\/\/sunqueenvina.com.vn\/wp-content\/uploads\/2025\/10\/11-removebg-preview-1.png 462w\" sizes=\"(max-width: 300px) 100vw, 300px\" \/><\/td>\n<td style=\"width: 50%; height: 303px;\"><img loading=\"lazy\" class=\"alignnone size-medium wp-image-1472 aligncenter\" src=\"https:\/\/sunqueenvina.com.vn\/wp-content\/uploads\/2025\/10\/Picture1-226x300.png\" alt=\"\" width=\"226\" height=\"300\" srcset=\"https:\/\/sunqueenvina.com.vn\/wp-content\/uploads\/2025\/10\/Picture1-226x300.png 226w, https:\/\/sunqueenvina.com.vn\/wp-content\/uploads\/2025\/10\/Picture1.png 624w\" sizes=\"(max-width: 226px) 100vw, 226px\" \/><\/td>\n<\/tr>\n<\/tbody>\n<\/table>\n","protected":false},"excerpt":{"rendered":"<p>H\u1ec7 th\u1ed1ng l\u1ea1nh th\u1ef1c ph\u1ea9m \u0111\u01b0\u1ee3c thi\u1ebft k\u1ebf nh\u1eb1m b\u1ea3o qu\u1ea3n v\u00e0 duy tr\u00ec ch\u1ea5t l\u01b0\u1ee3ng th\u1ef1c ph\u1ea9m ph\u1ee5c v\u1ee5 cho sinh ho\u1ea1t c\u1ee7a thuy\u1ec1n vi\u00ean trong su\u1ed1t h\u00e0nh tr\u00ecnh tr\u00ean bi\u1ec3n.H\u1ec7 th\u1ed1ng ho\u1ea1t \u0111\u1ed9ng \u1ed5n \u0111\u1ecbnh trong \u0111i\u1ec1u ki\u1ec7n m\u00f4i tr\u01b0\u1eddng kh\u1eafc nghi\u1ec7t, \u0111\u1ea3m b\u1ea3o nhi\u1ec7t \u0111\u1ed9 ch\u00ednh x\u00e1c, hi\u1ec7u su\u1ea5t cao v\u00e0 \u0111\u1ed9<span class=\"post-excerpt-end\">&hellip;<\/span><\/p>\n<p class=\"more-link\"><a href=\"https:\/\/sunqueenvina.com.vn\/?page_id=1479\" class=\"themebutton\">Read More<\/a><\/p>\n","protected":false},"author":1,"featured_media":0,"parent":0,"menu_order":0,"comment_status":"closed","ping_status":"closed","template":"","meta":[],"yoast_head":"<!-- This site is optimized with the Yoast SEO plugin v14.9 - https:\/\/yoast.com\/wordpress\/plugins\/seo\/ -->\n<title>Provision Plant | H\u1ec7 th\u1ed1ng l\u1ea1nh th\u1ef1c ph\u1ea9m - SUNQUEEN VINA<\/title>\n<meta name=\"robots\" content=\"noindex, follow, max-snippet:-1, max-image-preview:large, max-video-preview:-1\" \/>\n<meta property=\"og:locale\" content=\"vi_VN\" \/>\n<meta property=\"og:type\" content=\"article\" \/>\n<meta property=\"og:title\" content=\"Provision Plant | H\u1ec7 th\u1ed1ng l\u1ea1nh th\u1ef1c ph\u1ea9m - SUNQUEEN VINA\" \/>\n<meta property=\"og:description\" content=\"H\u1ec7 th\u1ed1ng l\u1ea1nh th\u1ef1c ph\u1ea9m \u0111\u01b0\u1ee3c thi\u1ebft k\u1ebf nh\u1eb1m b\u1ea3o qu\u1ea3n v\u00e0 duy tr\u00ec ch\u1ea5t l\u01b0\u1ee3ng th\u1ef1c ph\u1ea9m ph\u1ee5c v\u1ee5 cho sinh ho\u1ea1t c\u1ee7a thuy\u1ec1n vi\u00ean trong su\u1ed1t h\u00e0nh tr\u00ecnh tr\u00ean bi\u1ec3n.H\u1ec7 th\u1ed1ng ho\u1ea1t \u0111\u1ed9ng \u1ed5n \u0111\u1ecbnh trong \u0111i\u1ec1u ki\u1ec7n m\u00f4i tr\u01b0\u1eddng kh\u1eafc nghi\u1ec7t, \u0111\u1ea3m b\u1ea3o nhi\u1ec7t \u0111\u1ed9 ch\u00ednh x\u00e1c, hi\u1ec7u su\u1ea5t cao v\u00e0 \u0111\u1ed9&hellip;Read More\" \/>\n<meta property=\"og:url\" content=\"https:\/\/sunqueenvina.com.vn\/?page_id=1479\" \/>\n<meta property=\"og:site_name\" content=\"SUNQUEEN VINA\" \/>\n<meta property=\"article:modified_time\" content=\"2025-10-24T16:16:34+00:00\" \/>\n<meta property=\"og:image\" content=\"https:\/\/sunqueenvina.com.vn\/wp-content\/uploads\/2025\/10\/11-removebg-preview-1-300x295.png\" \/>\n<meta name=\"twitter:card\" content=\"summary_large_image\" \/>\n<script type=\"application\/ld+json\" class=\"yoast-schema-graph\">{\"@context\":\"https:\/\/schema.org\",\"@graph\":[{\"@type\":\"WebSite\",\"@id\":\"https:\/\/sunqueenvina.com.vn\/#website\",\"url\":\"https:\/\/sunqueenvina.com.vn\/\",\"name\":\"SUNQUEEN VINA\",\"description\":\"OEM &amp; Marine Equipments\",\"potentialAction\":[{\"@type\":\"SearchAction\",\"target\":\"https:\/\/sunqueenvina.com.vn\/?s={search_term_string}\",\"query-input\":\"required name=search_term_string\"}],\"inLanguage\":\"vi\"},{\"@type\":\"ImageObject\",\"@id\":\"https:\/\/sunqueenvina.com.vn\/?page_id=1479#primaryimage\",\"inLanguage\":\"vi\",\"url\":\"https:\/\/sunqueenvina.com.vn\/wp-content\/uploads\/2025\/10\/11-removebg-preview-1.png\",\"width\":462,\"height\":455},{\"@type\":\"WebPage\",\"@id\":\"https:\/\/sunqueenvina.com.vn\/?page_id=1479#webpage\",\"url\":\"https:\/\/sunqueenvina.com.vn\/?page_id=1479\",\"name\":\"Provision Plant | H\\u1ec7 th\\u1ed1ng l\\u1ea1nh th\\u1ef1c ph\\u1ea9m - SUNQUEEN VINA\",\"isPartOf\":{\"@id\":\"https:\/\/sunqueenvina.com.vn\/#website\"},\"primaryImageOfPage\":{\"@id\":\"https:\/\/sunqueenvina.com.vn\/?page_id=1479#primaryimage\"},\"datePublished\":\"2025-10-24T16:09:37+00:00\",\"dateModified\":\"2025-10-24T16:16:34+00:00\",\"inLanguage\":\"vi\",\"potentialAction\":[{\"@type\":\"ReadAction\",\"target\":[\"https:\/\/sunqueenvina.com.vn\/?page_id=1479\"]}]}]}<\/script>\n<!-- \/ Yoast SEO plugin. -->","_links":{"self":[{"href":"https:\/\/sunqueenvina.com.vn\/index.php?rest_route=\/wp\/v2\/pages\/1479"}],"collection":[{"href":"https:\/\/sunqueenvina.com.vn\/index.php?rest_route=\/wp\/v2\/pages"}],"about":[{"href":"https:\/\/sunqueenvina.com.vn\/index.php?rest_route=\/wp\/v2\/types\/page"}],"author":[{"embeddable":true,"href":"https:\/\/sunqueenvina.com.vn\/index.php?rest_route=\/wp\/v2\/users\/1"}],"replies":[{"embeddable":true,"href":"https:\/\/sunqueenvina.com.vn\/index.php?rest_route=%2Fwp%2Fv2%2Fcomments&post=1479"}],"version-history":[{"count":2,"href":"https:\/\/sunqueenvina.com.vn\/index.php?rest_route=\/wp\/v2\/pages\/1479\/revisions"}],"predecessor-version":[{"id":1488,"href":"https:\/\/sunqueenvina.com.vn\/index.php?rest_route=\/wp\/v2\/pages\/1479\/revisions\/1488"}],"wp:attachment":[{"href":"https:\/\/sunqueenvina.com.vn\/index.php?rest_route=%2Fwp%2Fv2%2Fmedia&parent=1479"}],"curies":[{"name":"wp","href":"https:\/\/api.w.org\/{rel}","templated":true}]}}