{"id":1460,"date":"2024-12-08T10:38:40","date_gmt":"2024-12-08T03:38:40","guid":{"rendered":"https:\/\/sunqueenvina.com.vn\/?page_id=1460"},"modified":"2024-12-08T10:38:40","modified_gmt":"2024-12-08T03:38:40","slug":"marine-pumps-bom-dung-tren-tau-thuy","status":"publish","type":"page","link":"https:\/\/sunqueenvina.com.vn\/?page_id=1460","title":{"rendered":"Marine Pumps | B\u01a1m d\u00f9ng tr\u00ean t\u00e0u th\u1ee7y"},"content":{"rendered":"\n<p>B\u01a1m tr\u00ean t\u00e0u th\u1ee7y l\u00e0 thi\u1ebft b\u1ecb quan tr\u1ecdng d\u00f9ng \u0111\u1ec3 v\u1eadn chuy\u1ec3n, l\u01b0u th\u00f4ng v\u00e0 \u0111i\u1ec1u \u00e1p ch\u1ea5t l\u1ecfng ho\u1eb7c kh\u00ed trong c\u00e1c h\u1ec7 th\u1ed1ng kh\u00e1c nhau tr\u00ean t\u00e0u. Ch\u00fang \u0111\u00f3ng vai tr\u00f2 thi\u1ebft y\u1ebfu trong vi\u1ec7c \u0111\u1ea3m b\u1ea3o c\u00e1c ho\u1ea1t \u0111\u1ed9ng v\u1eadn h\u00e0nh c\u1ee7a t\u00e0u \u0111\u01b0\u1ee3c di\u1ec5n ra li\u00ean t\u1ee5c v\u00e0 an to\u00e0n. T\u00f9y theo \u1ee9ng d\u1ee5ng, b\u01a1m tr\u00ean t\u00e0u th\u1ee7y \u0111\u01b0\u1ee3c chia th\u00e0nh nhi\u1ec1u lo\u1ea1i, m\u1ed7i lo\u1ea1i ph\u00f9 h\u1ee3p v\u1edbi m\u1ed9t m\u1ee5c \u0111\u00edch s\u1eed d\u1ee5ng c\u1ee5 th\u1ec3.<\/p>\n\n\n\n<ol><li>Ph\u00e2n lo\u1ea1i b\u01a1m tr\u00ean t\u00e0u th\u1ee7y:<\/li><\/ol>\n\n\n\n<p>a. Theo ch\u1ee9c n\u0103ng:<\/p>\n\n\n\n<ol><li>B\u01a1m c\u1ea5p n\u01b0\u1edbc l\u00e0m m\u00e1t (Cooling Water Pump):<\/li><\/ol>\n\n\n\n<p>Ch\u1ee9c n\u0103ng: B\u01a1m n\u01b0\u1edbc bi\u1ec3n ho\u1eb7c n\u01b0\u1edbc ng\u1ecdt \u0111\u1ec3 l\u00e0m m\u00e1t \u0111\u1ed9ng c\u01a1 ch\u00ednh, \u0111\u1ed9ng c\u01a1 ph\u1ee5 v\u00e0 c\u00e1c thi\u1ebft b\u1ecb kh\u00e1c.<\/p>\n\n\n\n<p>Y\u00eau c\u1ea7u: Ho\u1ea1t \u0111\u1ed9ng \u1ed5n \u0111\u1ecbnh trong m\u00f4i tr\u01b0\u1eddng n\u01b0\u1edbc bi\u1ec3n ch\u1ecbu \u0111\u01b0\u1ee3c \u0103n m\u00f2n do n\u01b0\u1edbc bi\u1ec3n g\u00e2y ra, c\u00f3 thi\u1ebft k\u1ebf ch\u1ed1ng hi\u1ec7n t\u01b0\u1ee3ng x\u00e2m th\u1ef1c.<\/p>\n\n\n\n<ol start=\"2\"><li>B\u01a1m d\u1ea7u b\u00f4i tr\u01a1n (Lubricating Oil Pump):<\/li><\/ol>\n\n\n\n<p>Ch\u1ee9c n\u0103ng: Cung c\u1ea5p d\u1ea7u b\u00f4i tr\u01a1n cho c\u00e1c \u0111\u1ed9ng c\u01a1 v\u00e0 thi\u1ebft b\u1ecb c\u01a1 kh\u00ed \u0111\u1ec3 gi\u1ea3m ma s\u00e1t v\u00e0 nhi\u1ec7t.<\/p>\n\n\n\n<ol start=\"3\"><li>B\u01a1m d\u1ea7u nhi\u00ean li\u1ec7u (Fuel Oil Pump):<\/li><\/ol>\n\n\n\n<p>Ch\u1ee9c n\u0103ng: B\u01a1m d\u1ea7u nhi\u00ean li\u1ec7u t\u1eeb b\u1ed3n ch\u1ee9a t\u1edbi \u0111\u1ed9ng c\u01a1 ch\u00ednh v\u00e0 c\u00e1c m\u00e1y ph\u1ee5.<\/p>\n\n\n\n<ol start=\"4\"><li>B\u01a1m c\u1ee9u h\u1ecfa (Fire Pump):<\/li><\/ol>\n\n\n\n<p>Ch\u1ee9c n\u0103ng: Cung c\u1ea5p n\u01b0\u1edbc \u00e1p su\u1ea5t cao \u0111\u1ec3 d\u1eadp l\u1eeda trong tr\u01b0\u1eddng h\u1ee3p h\u1ecfa ho\u1ea1n.<\/p>\n\n\n\n<p>Y\u00eau c\u1ea7u: \u0110\u1ea3m b\u1ea3o ho\u1ea1t \u0111\u1ed9ng nhanh ch\u00f3ng trong m\u1ecdi t\u00ecnh hu\u1ed1ng kh\u1ea9n c\u1ea5p.<\/p>\n\n\n\n<ol start=\"5\"><li>B\u01a1m d\u1eb1n t\u00e0u (Ballast Pump):<\/li><\/ol>\n\n\n\n<p>Ch\u1ee9c n\u0103ng: B\u01a1m n\u01b0\u1edbc v\u00e0o ho\u1eb7c ra kh\u1ecfi b\u1ec3 d\u1eb1n t\u00e0u \u0111\u1ec3 duy tr\u00ec th\u0103ng b\u1eb1ng v\u00e0 \u1ed5n \u0111\u1ecbnh cho t\u00e0u.<\/p>\n\n\n\n<ol start=\"6\"><li>B\u01a1m n\u01b0\u1edbc th\u1ea3i (Bilge Pump):<\/li><\/ol>\n\n\n\n<p>Ch\u1ee9c n\u0103ng: Lo\u1ea1i b\u1ecf n\u01b0\u1edbc th\u1ea3i ho\u1eb7c n\u01b0\u1edbc r\u00f2 r\u1ec9 kh\u1ecfi c\u00e1c khoang t\u00e0u.<\/p>\n\n\n\n<ol start=\"7\"><li>B\u01a1m t\u0103ng \u00e1p (Booster Pump):<\/li><\/ol>\n\n\n\n<p>Ch\u1ee9c n\u0103ng: T\u0103ng \u00e1p su\u1ea5t c\u1ee7a ch\u1ea5t l\u1ecfng \u0111\u1ec3 \u0111\u00e1p \u1ee9ng nhu c\u1ea7u v\u1eadn chuy\u1ec3n \u1edf kho\u1ea3ng c\u00e1ch xa ho\u1eb7c \u00e1p l\u1ef1c cao.<\/p>\n\n\n\n<p>b. Theo c\u01a1 ch\u1ebf ho\u1ea1t \u0111\u1ed9ng:<\/p>\n\n\n\n<ol><li>B\u01a1m ly t\u00e2m (Centrifugal Pump):<\/li><\/ol>\n\n\n\n<p>Ch\u1ee9c n\u0103ng: D\u00f9ng l\u1ef1c ly t\u00e2m \u0111\u1ec3 t\u1ea1o d\u00f2ng ch\u1ea3y li\u00ean t\u1ee5c.<\/p>\n\n\n\n<p>\u01afu \u0111i\u1ec3m: Hi\u1ec7u su\u1ea5t cao, ph\u00f9 h\u1ee3p v\u1edbi n\u01b0\u1edbc, d\u1ea7u v\u00e0 c\u00e1c ch\u1ea5t l\u1ecfng \u00edt nh\u1edbt.<\/p>\n\n\n\n<ol start=\"2\"><li>B\u01a1m piston (Piston Pump):<\/li><\/ol>\n\n\n\n<p>Ch\u1ee9c n\u0103ng: S\u1eed d\u1ee5ng piston \u0111\u1ec3 t\u1ea1o \u00e1p l\u1ef1c h\u00fat\/\u0111\u1ea9y ch\u1ea5t l\u1ecfng.<\/p>\n\n\n\n<p>\u01afu \u0111i\u1ec3m: \u0110\u1ed9 ch\u00ednh x\u00e1c cao, ph\u00f9 h\u1ee3p v\u1edbi ch\u1ea5t l\u1ecfng nh\u1edbt ho\u1eb7c y\u00eau c\u1ea7u \u00e1p su\u1ea5t cao.<\/p>\n\n\n\n<ol start=\"3\"><li>B\u01a1m tr\u1ee5c v\u00edt (Screw Pump):<\/li><\/ol>\n\n\n\n<p>Ch\u1ee9c n\u0103ng: D\u00f9ng tr\u1ee5c v\u00edt \u0111\u1ec3 \u0111\u1ea9y ch\u1ea5t l\u1ecfng.<\/p>\n\n\n\n<p>\u01afu \u0111i\u1ec3m: Ho\u1ea1t \u0111\u1ed9ng \u00eam \u00e1i, ph\u00f9 h\u1ee3p cho d\u1ea7u b\u00f4i tr\u01a1n v\u00e0 d\u1ea7u nhi\u00ean li\u1ec7u.<\/p>\n\n\n\n<ol start=\"4\"><li>B\u01a1m b\u00e1nh r\u0103ng (Gear Pump):<\/li><\/ol>\n\n\n\n<p>Ch\u1ee9c n\u0103ng: S\u1eed d\u1ee5ng c\u00e1c b\u00e1nh r\u0103ng \u0111\u1ec3 v\u1eadn chuy\u1ec3n d\u1ea7u \u0111\u1ed1 ho\u1eb7c d\u1ea7u b\u00f4i tr\u01a1n<\/p>\n\n\n\n<p>\u01afu \u0111i\u1ec3m: B\u1ec1n b\u1ec9, ph\u00f9 h\u1ee3p v\u1edbi d\u1ea7u v\u00e0 c\u00e1c ch\u1ea5t l\u1ecfng nh\u1edbt.<\/p>\n\n\n\n<ol start=\"5\"><li>B\u01a1m m\u00e0ng (Diaphragm Pump):<\/li><\/ol>\n\n\n\n<p>Ch\u1ee9c n\u0103ng: D\u00f9ng m\u00e0ng \u0111\u00e0n h\u1ed3i \u0111\u1ec3 b\u01a1m ch\u1ea5t l\u1ecfng.<\/p>\n\n\n\n<p>\u01afu \u0111i\u1ec3m: An to\u00e0n, ph\u00f9 h\u1ee3p v\u1edbi ch\u1ea5t l\u1ecfng \u0111\u1ed9c h\u1ea1i, h\u00f3a ch\u1ea5t  ho\u1eb7c ch\u1ea5t l\u1ecfng d\u1ec5 ch\u00e1y<\/p>\n\n\n\n<ol start=\"2\"><li>Y\u00eau c\u1ea7u \u0111\u1ed1i v\u1edbi b\u01a1m tr\u00ean t\u00e0u th\u1ee7y:<\/li><\/ol>\n\n\n\n<p>Ch\u1ecbu \u0103n m\u00f2n t\u1ed1t: V\u1eadt li\u1ec7u ch\u1ebf t\u1ea1o th\u01b0\u1eddng l\u00e0 th\u00e9p kh\u00f4ng g\u1ec9, h\u1ee3p kim \u0111\u1ed3ng ho\u1eb7c gang c\u00f3 t\u00ednh n\u0103ng ch\u1ed1ng g\u1ec9 t\u1ed1t \u0111\u1ec3 ch\u1ecbu \u0111\u01b0\u1ee3c m\u00f4i tr\u01b0\u1eddng n\u01b0\u1edbc bi\u1ec3n.<\/p>\n\n\n\n<p>\u0110\u1ed9 b\u1ec1n cao: Ph\u1ea3i ho\u1ea1t \u0111\u1ed9ng li\u00ean t\u1ee5c trong th\u1eddi gian d\u00e0i, \u0111\u1eb7c bi\u1ec7t trong c\u00e1c h\u1ec7 th\u1ed1ng quan tr\u1ecdng nh\u01b0 nhi\u00ean li\u1ec7u, l\u00e0m m\u00e1t ho\u1eb7c b\u00f4i tr\u01a1n c\u00e1c thi\u1ebft b\u1ecb m\u00e1y m\u00f3c.<\/p>\n\n\n\n<p>B\u1ea3o d\u01b0\u1ee1ng d\u1ec5 d\u00e0ng: H\u1ec7 th\u1ed1ng b\u01a1m tr\u00ean t\u00e0u th\u01b0\u1eddng \u0111\u01b0\u1ee3c thi\u1ebft k\u1ebf \u0111\u1ec3 d\u1ec5 th\u00e1o l\u1eafp, ki\u1ec3m tra v\u00e0 b\u1ea3o tr\u00ec trong \u0111i\u1ec1u ki\u1ec7n h\u1ea1n ch\u1ebf.<\/p>\n\n\n\n<ol start=\"3\"><li>\u1ee8ng d\u1ee5ng:<\/li><\/ol>\n\n\n\n<p>B\u01a1m l\u00e0 m\u1ed9t ph\u1ea7n kh\u00f4ng th\u1ec3 thi\u1ebfu trong c\u00e1c h\u1ec7 th\u1ed1ng tr\u00ean t\u00e0u nh\u01b0:<\/p>\n\n\n\n<p>H\u1ec7 th\u1ed1ng \u0111\u1ed9ng c\u01a1 m\u00e1y ch\u00ednh v\u00e0 m\u00e1y ph\u1ee5.<\/p>\n\n\n\n<p>H\u1ec7 th\u1ed1ng l\u00e0m m\u00e1t v\u00e0 d\u1eb1n t\u00e0u.<\/p>\n\n\n\n<p>H\u1ec7 th\u1ed1ng c\u1ea5p n\u01b0\u1edbc sinh ho\u1ea1t v\u00e0 x\u1eed l\u00fd n\u01b0\u1edbc th\u1ea3i.<\/p>\n\n\n\n<p>H\u1ec7 th\u1ed1ng ch\u1eefa ch\u00e1y v\u00e0 an to\u00e0n.<\/p>\n\n\n\n<p>S\u1ef1 l\u1ef1a ch\u1ecdn v\u00e0 v\u1eadn h\u00e0nh \u0111\u00fang lo\u1ea1i b\u01a1m gi\u00fap \u0111\u1ea3m b\u1ea3o hi\u1ec7u qu\u1ea3 ho\u1ea1t \u0111\u1ed9ng c\u1ee7a t\u00e0u c\u0169ng nh\u01b0 t\u0103ng \u0111\u1ed9 an to\u00e0n khi ho\u1ea1t \u0111\u1ed9ng tr\u00ean bi\u1ec3n.<\/p>\n\n\n\n<p><strong>Tham kh\u1ea3o c\u00e1c lo\u1ea1i b\u01a1m chi ti\u1ebft theo Caltalouge sau:<\/strong><\/p>\n\n\n\n<div class=\"wp-block-file\"><a href=\"https:\/\/sunqueenvina.com.vn\/wp-content\/uploads\/2024\/12\/Caltalouge-for-shinshin-Pumps.pdf\">Caltalouge-for-shinshin-Pumps<\/a><a href=\"https:\/\/sunqueenvina.com.vn\/wp-content\/uploads\/2024\/12\/Caltalouge-for-shinshin-Pumps.pdf\" class=\"wp-block-file__button\" download>T\u1ea3i xu\u1ed1ng<\/a><\/div>\n","protected":false},"excerpt":{"rendered":"<p>B\u01a1m tr\u00ean t\u00e0u th\u1ee7y l\u00e0 thi\u1ebft b\u1ecb quan tr\u1ecdng d\u00f9ng \u0111\u1ec3 v\u1eadn chuy\u1ec3n, l\u01b0u th\u00f4ng v\u00e0 \u0111i\u1ec1u \u00e1p ch\u1ea5t l\u1ecfng ho\u1eb7c kh\u00ed trong c\u00e1c h\u1ec7 th\u1ed1ng kh\u00e1c nhau tr\u00ean t\u00e0u. Ch\u00fang \u0111\u00f3ng vai tr\u00f2 thi\u1ebft y\u1ebfu trong vi\u1ec7c \u0111\u1ea3m b\u1ea3o c\u00e1c ho\u1ea1t \u0111\u1ed9ng v\u1eadn h\u00e0nh c\u1ee7a t\u00e0u \u0111\u01b0\u1ee3c di\u1ec5n ra li\u00ean t\u1ee5c v\u00e0 an to\u00e0n.<span class=\"post-excerpt-end\">&hellip;<\/span><\/p>\n<p class=\"more-link\"><a href=\"https:\/\/sunqueenvina.com.vn\/?page_id=1460\" class=\"themebutton\">Read More<\/a><\/p>\n","protected":false},"author":1,"featured_media":0,"parent":0,"menu_order":0,"comment_status":"closed","ping_status":"closed","template":"","meta":[],"yoast_head":"<!-- This site is optimized with the Yoast SEO plugin v14.9 - https:\/\/yoast.com\/wordpress\/plugins\/seo\/ -->\n<title>Marine Pumps | B\u01a1m d\u00f9ng tr\u00ean t\u00e0u th\u1ee7y - SUNQUEEN VINA<\/title>\n<meta name=\"robots\" content=\"noindex, follow, max-snippet:-1, max-image-preview:large, max-video-preview:-1\" \/>\n<meta property=\"og:locale\" content=\"vi_VN\" \/>\n<meta property=\"og:type\" content=\"article\" \/>\n<meta property=\"og:title\" content=\"Marine Pumps | B\u01a1m d\u00f9ng tr\u00ean t\u00e0u th\u1ee7y - SUNQUEEN VINA\" \/>\n<meta property=\"og:description\" content=\"B\u01a1m tr\u00ean t\u00e0u th\u1ee7y l\u00e0 thi\u1ebft b\u1ecb quan tr\u1ecdng d\u00f9ng \u0111\u1ec3 v\u1eadn chuy\u1ec3n, l\u01b0u th\u00f4ng v\u00e0 \u0111i\u1ec1u \u00e1p ch\u1ea5t l\u1ecfng ho\u1eb7c kh\u00ed trong c\u00e1c h\u1ec7 th\u1ed1ng kh\u00e1c nhau tr\u00ean t\u00e0u. Ch\u00fang \u0111\u00f3ng vai tr\u00f2 thi\u1ebft y\u1ebfu trong vi\u1ec7c \u0111\u1ea3m b\u1ea3o c\u00e1c ho\u1ea1t \u0111\u1ed9ng v\u1eadn h\u00e0nh c\u1ee7a t\u00e0u \u0111\u01b0\u1ee3c di\u1ec5n ra li\u00ean t\u1ee5c v\u00e0 an to\u00e0n.&hellip;Read More\" \/>\n<meta property=\"og:url\" content=\"https:\/\/sunqueenvina.com.vn\/?page_id=1460\" \/>\n<meta property=\"og:site_name\" content=\"SUNQUEEN VINA\" \/>\n<meta name=\"twitter:card\" content=\"summary_large_image\" \/>\n<script type=\"application\/ld+json\" class=\"yoast-schema-graph\">{\"@context\":\"https:\/\/schema.org\",\"@graph\":[{\"@type\":\"WebSite\",\"@id\":\"https:\/\/sunqueenvina.com.vn\/#website\",\"url\":\"https:\/\/sunqueenvina.com.vn\/\",\"name\":\"SUNQUEEN VINA\",\"description\":\"OEM &amp; Marine Equipments\",\"potentialAction\":[{\"@type\":\"SearchAction\",\"target\":\"https:\/\/sunqueenvina.com.vn\/?s={search_term_string}\",\"query-input\":\"required name=search_term_string\"}],\"inLanguage\":\"vi\"},{\"@type\":\"WebPage\",\"@id\":\"https:\/\/sunqueenvina.com.vn\/?page_id=1460#webpage\",\"url\":\"https:\/\/sunqueenvina.com.vn\/?page_id=1460\",\"name\":\"Marine Pumps | B\\u01a1m d\\u00f9ng tr\\u00ean t\\u00e0u th\\u1ee7y - SUNQUEEN VINA\",\"isPartOf\":{\"@id\":\"https:\/\/sunqueenvina.com.vn\/#website\"},\"datePublished\":\"2024-12-08T03:38:40+00:00\",\"dateModified\":\"2024-12-08T03:38:40+00:00\",\"inLanguage\":\"vi\",\"potentialAction\":[{\"@type\":\"ReadAction\",\"target\":[\"https:\/\/sunqueenvina.com.vn\/?page_id=1460\"]}]}]}<\/script>\n<!-- \/ Yoast SEO plugin. -->","_links":{"self":[{"href":"https:\/\/sunqueenvina.com.vn\/index.php?rest_route=\/wp\/v2\/pages\/1460"}],"collection":[{"href":"https:\/\/sunqueenvina.com.vn\/index.php?rest_route=\/wp\/v2\/pages"}],"about":[{"href":"https:\/\/sunqueenvina.com.vn\/index.php?rest_route=\/wp\/v2\/types\/page"}],"author":[{"embeddable":true,"href":"https:\/\/sunqueenvina.com.vn\/index.php?rest_route=\/wp\/v2\/users\/1"}],"replies":[{"embeddable":true,"href":"https:\/\/sunqueenvina.com.vn\/index.php?rest_route=%2Fwp%2Fv2%2Fcomments&post=1460"}],"version-history":[{"count":1,"href":"https:\/\/sunqueenvina.com.vn\/index.php?rest_route=\/wp\/v2\/pages\/1460\/revisions"}],"predecessor-version":[{"id":1463,"href":"https:\/\/sunqueenvina.com.vn\/index.php?rest_route=\/wp\/v2\/pages\/1460\/revisions\/1463"}],"wp:attachment":[{"href":"https:\/\/sunqueenvina.com.vn\/index.php?rest_route=%2Fwp%2Fv2%2Fmedia&parent=1460"}],"curies":[{"name":"wp","href":"https:\/\/api.w.org\/{rel}","templated":true}]}}