{"id":1375,"date":"2024-11-29T23:44:39","date_gmt":"2024-11-29T16:44:39","guid":{"rendered":"https:\/\/sunqueenvina.com.vn\/?page_id=1375"},"modified":"2024-11-29T23:44:40","modified_gmt":"2024-11-29T16:44:40","slug":"air-compressors-may-nen-khi","status":"publish","type":"page","link":"https:\/\/sunqueenvina.com.vn\/?page_id=1375","title":{"rendered":"Air compressors | M\u00e1y n\u00e9n kh\u00ed"},"content":{"rendered":"\n<p>M\u00e1y n\u00e9n kh\u00ed l\u00e0 m\u1ed9t thi\u1ebft b\u1ecb quan tr\u1ecdng tr\u00ean t\u00e0u th\u1ee7y, \u0111\u01b0\u1ee3c s\u1eed d\u1ee5ng t\u1ea1o kh\u00ed n\u00e9n ph\u1ee5c v\u1ee5 cho c\u00e1c ch\u1ee9c n\u0103ng quan tr\u1ecdng tr\u00ean t\u00e0u nh\u01b0: Kh\u1edfi \u0111\u1ed9ng m\u00e1y ch\u00ednh, cung c\u1ea5p cho h\u1ec7 th\u1ed1ng t\u1ef1 \u0111\u1ed9ng \u0111i\u1ec1u khi\u1ec3n c\u1ee7a nhi\u1ec1u  thi\u1ebft b\u1ecb tr\u00ean t\u00e0u, h\u1ed7 tr\u1ee3 b\u1ea3o tr\u00ec, v\u1eadn h\u00e0nh c\u00e1c thi\u1ebft b\u1ecb .<\/p>\n\n\n\n<p>M\u00e1y n\u00e9n kh\u00ed l\u00e0 thi\u1ebft b\u1ecb c\u00f3 t\u1ea7n su\u1ea5t l\u00e0m vi\u1ec7c cao, \u0111\u00f2i h\u1ecfi \u0111\u1ed9 b\u1ec1n v\u00e0 t\u00ednh \u1ed5n \u0111\u1ecbnh c\u1ee7a thi\u1ebft b\u1ecb c\u0169ng nh\u01b0 t\u00ednh an to\u00e0n cao.<\/p>\n\n\n\n<p>\u0110\u00e1p \u1ee9ng c\u00e1c y\u00eau c\u1ea7u \u0111\u00f3, thi\u1ebft b\u1ecb m\u00e1y n\u00e9n kh\u00ed \u0111\u01b0\u1ee3c s\u1ea3n xu\u1ea5t v\u00e0 thi\u1ebft k\u1ebf \u0111a d\u1ea1ng cho m\u1ee5c \u0111\u00edch v\u00e0 c\u00f4ng su\u1ea5t tr\u00ean t\u00e0u<\/p>\n\n\n\n<ol><li><strong>D\u00f2ng m\u00e1y n\u00e9n \u00e1p xu\u1ea5t th\u1ea5p: \u00c1p su\u1ea5t n\u00e9n 1.0 MPa<\/strong><\/li><\/ol>\n\n\n\n<ul><li>Ki\u1ec3u m\u00e1y n\u00e9n: M\u00e1y \u0111\u01a1n, m\u00e1y V-type, m\u00e1y W-type, m\u00e1y n\u00e9n 2 c\u1ea5p Piston<\/li><li>\u00c1p su\u1ea5t: 1.0 Mpa<\/li><li>C\u00f4ng su\u1ea5t: 3.5- 60m3\/h<\/li><li>Ch\u1ebf \u0111\u1ed9: T\u1ef1 \u0111\u1ed9ng\/manual<\/li><\/ul>\n\n\n\n<figure class=\"wp-block-image size-large\"><img loading=\"lazy\" width=\"1024\" height=\"413\" src=\"https:\/\/sunqueenvina.com.vn\/wp-content\/uploads\/2024\/11\/Picture-18-1-1024x413.png\" alt=\"\" class=\"wp-image-1380\" srcset=\"https:\/\/sunqueenvina.com.vn\/wp-content\/uploads\/2024\/11\/Picture-18-1-1024x413.png 1024w, https:\/\/sunqueenvina.com.vn\/wp-content\/uploads\/2024\/11\/Picture-18-1-300x121.png 300w, https:\/\/sunqueenvina.com.vn\/wp-content\/uploads\/2024\/11\/Picture-18-1-768x309.png 768w, https:\/\/sunqueenvina.com.vn\/wp-content\/uploads\/2024\/11\/Picture-18-1-1536x619.png 1536w, https:\/\/sunqueenvina.com.vn\/wp-content\/uploads\/2024\/11\/Picture-18-1.png 1953w\" sizes=\"(max-width: 1024px) 100vw, 1024px\" \/><\/figure>\n\n\n\n<figure class=\"wp-block-image size-large\"><img loading=\"lazy\" width=\"1024\" height=\"503\" src=\"https:\/\/sunqueenvina.com.vn\/wp-content\/uploads\/2024\/11\/image-6.png\" alt=\"\" class=\"wp-image-1377\" srcset=\"https:\/\/sunqueenvina.com.vn\/wp-content\/uploads\/2024\/11\/image-6.png 1024w, https:\/\/sunqueenvina.com.vn\/wp-content\/uploads\/2024\/11\/image-6-300x147.png 300w, https:\/\/sunqueenvina.com.vn\/wp-content\/uploads\/2024\/11\/image-6-768x377.png 768w\" sizes=\"(max-width: 1024px) 100vw, 1024px\" \/><\/figure>\n\n\n\n<p><strong>2. D\u00f2ng m\u00e1y n\u00e9n \u00e1p xu\u1ea5t trung, l\u00e0m m\u00e1t b\u1eb1ng qu\u1ea1t gi\u00f3: 3.0 Mpa<\/strong><\/p>\n\n\n\n<ul id=\"block-ee8712ef-312d-4d05-b2a0-48be15b573e2\"><li>Ki\u1ec3u m\u00e1y n\u00e9n: M\u00e1y \u0111\u01a1n, m\u00e1y V-type, m\u00e1y W-type, m\u00e1y n\u00e9n 2 c\u1ea5p Piston<\/li><li>Hi\u1ec7u su\u1ea5t cao, kh\u1ed1i l\u01b0\u1ee3ng nh\u1eb9, g\u1ecdn , \u00edt ti\u1ebfng \u1ed3n v\u00e0 ho\u1ea1t \u0111\u1ed9ng tin c\u1eady<\/li><li>\u00c1p su\u1ea5t: 3.0 Mpa<\/li><li>C\u00f4ng su\u1ea5t: 5- 60m3\/h<\/li><li>Ch\u1ebf \u0111\u1ed9: T\u1ef1 \u0111\u1ed9ng\/manual, ch\u1ea1y c\u00f3 t\u1ea3i v\u00e0 kh\u00f4ng t\u1ea3i<\/li><\/ul>\n\n\n\n<figure class=\"wp-block-image size-large\"><img loading=\"lazy\" width=\"1024\" height=\"318\" src=\"https:\/\/sunqueenvina.com.vn\/wp-content\/uploads\/2024\/11\/Picture-19-1024x318.png\" alt=\"\" class=\"wp-image-1381\" srcset=\"https:\/\/sunqueenvina.com.vn\/wp-content\/uploads\/2024\/11\/Picture-19-1024x318.png 1024w, https:\/\/sunqueenvina.com.vn\/wp-content\/uploads\/2024\/11\/Picture-19-300x93.png 300w, https:\/\/sunqueenvina.com.vn\/wp-content\/uploads\/2024\/11\/Picture-19-768x239.png 768w, https:\/\/sunqueenvina.com.vn\/wp-content\/uploads\/2024\/11\/Picture-19.png 1061w\" sizes=\"(max-width: 1024px) 100vw, 1024px\" \/><\/figure>\n\n\n\n<figure class=\"wp-block-image size-large\"><img loading=\"lazy\" width=\"1024\" height=\"551\" src=\"https:\/\/sunqueenvina.com.vn\/wp-content\/uploads\/2024\/11\/image-7-1024x551.png\" alt=\"\" class=\"wp-image-1382\" srcset=\"https:\/\/sunqueenvina.com.vn\/wp-content\/uploads\/2024\/11\/image-7-1024x551.png 1024w, https:\/\/sunqueenvina.com.vn\/wp-content\/uploads\/2024\/11\/image-7-300x161.png 300w, https:\/\/sunqueenvina.com.vn\/wp-content\/uploads\/2024\/11\/image-7-768x413.png 768w, https:\/\/sunqueenvina.com.vn\/wp-content\/uploads\/2024\/11\/image-7-1536x827.png 1536w, https:\/\/sunqueenvina.com.vn\/wp-content\/uploads\/2024\/11\/image-7-2048x1102.png 2048w\" sizes=\"(max-width: 1024px) 100vw, 1024px\" \/><\/figure>\n\n\n\n<p><strong>3. D\u00f2ng m\u00e1y n\u00e9n \u00e1p xu\u1ea5t trung, l\u00e0m m\u00e1t b\u1eb1ng n\u01b0\u1edbc: 3.0 Mpa<\/strong><\/p>\n\n\n\n<ul id=\"block-825571d6-651a-43d6-ac19-17f2ab1880f2\"><li>Ki\u1ec3u m\u00e1y n\u00e9n: M\u00e1y \u0111\u01a1n, m\u00e1y V-type, m\u00e1y W-type, m\u00e1y n\u00e9n 2 c\u1ea5p Piston<\/li><li>Hi\u1ec7u su\u1ea5t cao, kh\u1ed1i l\u01b0\u1ee3ng nh\u1eb9, g\u1ecdn , \u00edt ti\u1ebfng \u1ed3n v\u00e0 ho\u1ea1t \u0111\u1ed9ng tin c\u1eady<\/li><li>\u00c1p su\u1ea5t: 3.0 Mpa<\/li><li>C\u00f4ng su\u1ea5t: 20- 120m3\/h<\/li><li>Ch\u1ebf \u0111\u1ed9: T\u1ef1 \u0111\u1ed9ng\/manual, ch\u1ea1y c\u00f3 t\u1ea3i v\u00e0 kh\u00f4ng t\u1ea3i<\/li><li>Th\u01b0\u1eddng \u0111\u1ec3 d\u00f9ng cho kh\u1edfi \u0111\u1ed9ng m\u00e1y ch\u00ednh tr\u00ean t\u00e0u<\/li><\/ul>\n\n\n\n<figure class=\"wp-block-image size-large\"><img loading=\"lazy\" width=\"1024\" height=\"554\" src=\"https:\/\/sunqueenvina.com.vn\/wp-content\/uploads\/2024\/11\/Picture-22-1024x554.png\" alt=\"\" class=\"wp-image-1384\" srcset=\"https:\/\/sunqueenvina.com.vn\/wp-content\/uploads\/2024\/11\/Picture-22-1024x554.png 1024w, https:\/\/sunqueenvina.com.vn\/wp-content\/uploads\/2024\/11\/Picture-22-300x162.png 300w, https:\/\/sunqueenvina.com.vn\/wp-content\/uploads\/2024\/11\/Picture-22-768x415.png 768w, https:\/\/sunqueenvina.com.vn\/wp-content\/uploads\/2024\/11\/Picture-22-1536x831.png 1536w, https:\/\/sunqueenvina.com.vn\/wp-content\/uploads\/2024\/11\/Picture-22-2048x1108.png 2048w\" sizes=\"(max-width: 1024px) 100vw, 1024px\" \/><\/figure>\n\n\n\n<figure class=\"wp-block-image size-large\"><img loading=\"lazy\" width=\"1024\" height=\"425\" src=\"https:\/\/sunqueenvina.com.vn\/wp-content\/uploads\/2024\/11\/Picture-23-1024x425.png\" alt=\"\" class=\"wp-image-1385\" srcset=\"https:\/\/sunqueenvina.com.vn\/wp-content\/uploads\/2024\/11\/Picture-23-1024x425.png 1024w, https:\/\/sunqueenvina.com.vn\/wp-content\/uploads\/2024\/11\/Picture-23-300x125.png 300w, https:\/\/sunqueenvina.com.vn\/wp-content\/uploads\/2024\/11\/Picture-23-768x319.png 768w, https:\/\/sunqueenvina.com.vn\/wp-content\/uploads\/2024\/11\/Picture-23-1536x638.png 1536w, https:\/\/sunqueenvina.com.vn\/wp-content\/uploads\/2024\/11\/Picture-23-2048x850.png 2048w\" sizes=\"(max-width: 1024px) 100vw, 1024px\" \/><\/figure>\n","protected":false},"excerpt":{"rendered":"<p>M\u00e1y n\u00e9n kh\u00ed l\u00e0 m\u1ed9t thi\u1ebft b\u1ecb quan tr\u1ecdng tr\u00ean t\u00e0u th\u1ee7y, \u0111\u01b0\u1ee3c s\u1eed d\u1ee5ng t\u1ea1o kh\u00ed n\u00e9n ph\u1ee5c v\u1ee5 cho c\u00e1c ch\u1ee9c n\u0103ng quan tr\u1ecdng tr\u00ean t\u00e0u nh\u01b0: Kh\u1edfi \u0111\u1ed9ng m\u00e1y ch\u00ednh, cung c\u1ea5p cho h\u1ec7 th\u1ed1ng t\u1ef1 \u0111\u1ed9ng \u0111i\u1ec1u khi\u1ec3n c\u1ee7a nhi\u1ec1u thi\u1ebft b\u1ecb tr\u00ean t\u00e0u, h\u1ed7 tr\u1ee3 b\u1ea3o tr\u00ec, v\u1eadn h\u00e0nh c\u00e1c<span class=\"post-excerpt-end\">&hellip;<\/span><\/p>\n<p class=\"more-link\"><a href=\"https:\/\/sunqueenvina.com.vn\/?page_id=1375\" class=\"themebutton\">Read More<\/a><\/p>\n","protected":false},"author":1,"featured_media":0,"parent":0,"menu_order":0,"comment_status":"closed","ping_status":"closed","template":"","meta":[],"yoast_head":"<!-- This site is optimized with the Yoast SEO plugin v14.9 - https:\/\/yoast.com\/wordpress\/plugins\/seo\/ -->\n<title>Air compressors | M\u00e1y n\u00e9n kh\u00ed - SUNQUEEN VINA<\/title>\n<meta name=\"robots\" content=\"noindex, follow, max-snippet:-1, max-image-preview:large, max-video-preview:-1\" \/>\n<meta property=\"og:locale\" content=\"vi_VN\" \/>\n<meta property=\"og:type\" content=\"article\" \/>\n<meta property=\"og:title\" content=\"Air compressors | M\u00e1y n\u00e9n kh\u00ed - SUNQUEEN VINA\" \/>\n<meta property=\"og:description\" content=\"M\u00e1y n\u00e9n kh\u00ed l\u00e0 m\u1ed9t thi\u1ebft b\u1ecb quan tr\u1ecdng tr\u00ean t\u00e0u th\u1ee7y, \u0111\u01b0\u1ee3c s\u1eed d\u1ee5ng t\u1ea1o kh\u00ed n\u00e9n ph\u1ee5c v\u1ee5 cho c\u00e1c ch\u1ee9c n\u0103ng quan tr\u1ecdng tr\u00ean t\u00e0u nh\u01b0: Kh\u1edfi \u0111\u1ed9ng m\u00e1y ch\u00ednh, cung c\u1ea5p cho h\u1ec7 th\u1ed1ng t\u1ef1 \u0111\u1ed9ng \u0111i\u1ec1u khi\u1ec3n c\u1ee7a nhi\u1ec1u thi\u1ebft b\u1ecb tr\u00ean t\u00e0u, h\u1ed7 tr\u1ee3 b\u1ea3o tr\u00ec, v\u1eadn h\u00e0nh c\u00e1c&hellip;Read More\" \/>\n<meta property=\"og:url\" content=\"https:\/\/sunqueenvina.com.vn\/?page_id=1375\" \/>\n<meta property=\"og:site_name\" content=\"SUNQUEEN VINA\" \/>\n<meta property=\"article:modified_time\" content=\"2024-11-29T16:44:40+00:00\" \/>\n<meta property=\"og:image\" content=\"https:\/\/sunqueenvina.com.vn\/wp-content\/uploads\/2024\/11\/Picture-18-1-1024x413.png\" \/>\n<meta name=\"twitter:card\" content=\"summary_large_image\" \/>\n<script type=\"application\/ld+json\" class=\"yoast-schema-graph\">{\"@context\":\"https:\/\/schema.org\",\"@graph\":[{\"@type\":\"WebSite\",\"@id\":\"https:\/\/sunqueenvina.com.vn\/#website\",\"url\":\"https:\/\/sunqueenvina.com.vn\/\",\"name\":\"SUNQUEEN VINA\",\"description\":\"OEM &amp; Marine Equipments\",\"potentialAction\":[{\"@type\":\"SearchAction\",\"target\":\"https:\/\/sunqueenvina.com.vn\/?s={search_term_string}\",\"query-input\":\"required name=search_term_string\"}],\"inLanguage\":\"vi\"},{\"@type\":\"ImageObject\",\"@id\":\"https:\/\/sunqueenvina.com.vn\/?page_id=1375#primaryimage\",\"inLanguage\":\"vi\",\"url\":\"https:\/\/sunqueenvina.com.vn\/wp-content\/uploads\/2024\/11\/Picture-18-1.png\",\"width\":1953,\"height\":787},{\"@type\":\"WebPage\",\"@id\":\"https:\/\/sunqueenvina.com.vn\/?page_id=1375#webpage\",\"url\":\"https:\/\/sunqueenvina.com.vn\/?page_id=1375\",\"name\":\"Air compressors | M\\u00e1y n\\u00e9n kh\\u00ed - SUNQUEEN VINA\",\"isPartOf\":{\"@id\":\"https:\/\/sunqueenvina.com.vn\/#website\"},\"primaryImageOfPage\":{\"@id\":\"https:\/\/sunqueenvina.com.vn\/?page_id=1375#primaryimage\"},\"datePublished\":\"2024-11-29T16:44:39+00:00\",\"dateModified\":\"2024-11-29T16:44:40+00:00\",\"inLanguage\":\"vi\",\"potentialAction\":[{\"@type\":\"ReadAction\",\"target\":[\"https:\/\/sunqueenvina.com.vn\/?page_id=1375\"]}]}]}<\/script>\n<!-- \/ Yoast SEO plugin. -->","_links":{"self":[{"href":"https:\/\/sunqueenvina.com.vn\/index.php?rest_route=\/wp\/v2\/pages\/1375"}],"collection":[{"href":"https:\/\/sunqueenvina.com.vn\/index.php?rest_route=\/wp\/v2\/pages"}],"about":[{"href":"https:\/\/sunqueenvina.com.vn\/index.php?rest_route=\/wp\/v2\/types\/page"}],"author":[{"embeddable":true,"href":"https:\/\/sunqueenvina.com.vn\/index.php?rest_route=\/wp\/v2\/users\/1"}],"replies":[{"embeddable":true,"href":"https:\/\/sunqueenvina.com.vn\/index.php?rest_route=%2Fwp%2Fv2%2Fcomments&post=1375"}],"version-history":[{"count":1,"href":"https:\/\/sunqueenvina.com.vn\/index.php?rest_route=\/wp\/v2\/pages\/1375\/revisions"}],"predecessor-version":[{"id":1387,"href":"https:\/\/sunqueenvina.com.vn\/index.php?rest_route=\/wp\/v2\/pages\/1375\/revisions\/1387"}],"wp:attachment":[{"href":"https:\/\/sunqueenvina.com.vn\/index.php?rest_route=%2Fwp%2Fv2%2Fmedia&parent=1375"}],"curies":[{"name":"wp","href":"https:\/\/api.w.org\/{rel}","templated":true}]}}