{"id":1365,"date":"2024-11-28T16:04:15","date_gmt":"2024-11-28T09:04:15","guid":{"rendered":"https:\/\/sunqueenvina.com.vn\/?page_id=1365"},"modified":"2024-11-28T16:08:54","modified_gmt":"2024-11-28T09:08:54","slug":"ventilation-fans-for-ship-quat-thong-gio-tau-thuy","status":"publish","type":"page","link":"https:\/\/sunqueenvina.com.vn\/?page_id=1365","title":{"rendered":"Ventilation fans for ship | Qu\u1ea1t th\u00f4ng gi\u00f3 t\u00e0u th\u1ee7y"},"content":{"rendered":"\n<p class=\"has-text-align-left\">Qu\u1ea1t d\u00f9ng cho t\u00e0u th\u1ee7y (Ventination Fans hay c\u00f2n \u0111\u01b0\u1ee3c g\u1ecdi l\u00e0 Blower) \u0111\u01b0\u1ee3c s\u1eed d\u1ee5ng \u0111\u1ec3 th\u00f4ng gi\u00f3 kh\u00f4ng kh\u00ed cho c\u00e1c khoang tr\u00ean t\u00e0u, nh\u01b0 th\u00f4ng gi\u00f3 bu\u1ed3ng m\u00e1y, th\u00f4ng gi\u00f3 h\u1ea7m h\u00e0ng, th\u00f4ng gi\u00f3 c\u00e1c bu\u1ed3ng k\u1ef9 thu\u1eadt, khoang ch\u1ed1ng v\u00e0 cabin cho bu\u1ed5ng \u1edf. N\u00f3 \u0111\u01b0\u1ee3c thi\u1ebft k\u1ebf \u0111\u1ec3 \u0111\u00e1p \u1ee9ng \u0111\u01b0\u1ee3c c\u00e1c quy \u0111\u1ecbnh ti\u00eau chu\u1ea9n h\u00e0ng h\u1ea3i nghi\u00eam ng\u1eb7t khi l\u00e0m vi\u1ec7c trong m\u00f4i tr\u01b0\u1eddng bi\u1ec3n c\u00f3 \u0111\u1ed9 \u0103n m\u00f2n cao v\u00e0 h\u01a1i d\u1ea7u c\u1ee7a bu\u1ed3ng m\u00e1y.<\/p>\n\n\n\n<p>C\u00f3 nhi\u1ec1u ch\u1ee7ng lo\u1ea1i kh\u00e1c nhau nh\u01b0:<\/p>\n\n\n\n<p>CBZ &#8211; Qu\u1ea1t h\u00e0ng h\u1ea3i h\u01b0\u1edbng tr\u1ee5c ph\u00f2ng n\u1ed5<\/p>\n\n\n\n<p>JCZ &#8211; Qu\u1ea1t h\u01b0\u1edbng tr\u1ee5c<\/p>\n\n\n\n<p>CLZ &#8211; Qu\u1ea1t \u0111\u1ee9ng h\u01b0\u1edbng tr\u1ee5c<\/p>\n\n\n\n<p>CWZ &#8211; Qu\u1ea1t nh\u1ecf<\/p>\n\n\n\n<p>CDZ &#8211; Qu\u1ea1t c\u00f3 \u0111\u1ed9 \u1ed5n th\u1ea5p<\/p>\n\n\n\n<p>CQ &#8211; Qu\u1ea1t ly t\u00e2m<\/p>\n\n\n\n<p>Ch\u1ee9ng ch\u1ec9 \u0111\u0103ng ki\u1ec3m: CCS, BV, ABS, LR, GL, NK, RINA, DNV, KR, IRS<\/p>\n\n\n\n<figure class=\"wp-block-image size-large\"><img loading=\"lazy\" width=\"1024\" height=\"511\" src=\"https:\/\/sunqueenvina.com.vn\/wp-content\/uploads\/2024\/11\/Picture-13-1024x511.png\" alt=\"\" class=\"wp-image-1366\" srcset=\"https:\/\/sunqueenvina.com.vn\/wp-content\/uploads\/2024\/11\/Picture-13-1024x511.png 1024w, https:\/\/sunqueenvina.com.vn\/wp-content\/uploads\/2024\/11\/Picture-13-300x150.png 300w, https:\/\/sunqueenvina.com.vn\/wp-content\/uploads\/2024\/11\/Picture-13-768x383.png 768w, https:\/\/sunqueenvina.com.vn\/wp-content\/uploads\/2024\/11\/Picture-13-570x285.png 570w, https:\/\/sunqueenvina.com.vn\/wp-content\/uploads\/2024\/11\/Picture-13.png 1461w\" sizes=\"(max-width: 1024px) 100vw, 1024px\" \/><\/figure>\n\n\n\n<figure class=\"wp-block-image size-large\"><img loading=\"lazy\" width=\"1024\" height=\"505\" src=\"https:\/\/sunqueenvina.com.vn\/wp-content\/uploads\/2024\/11\/Picture-15-1024x505.png\" alt=\"\" class=\"wp-image-1367\" srcset=\"https:\/\/sunqueenvina.com.vn\/wp-content\/uploads\/2024\/11\/Picture-15-1024x505.png 1024w, https:\/\/sunqueenvina.com.vn\/wp-content\/uploads\/2024\/11\/Picture-15-300x148.png 300w, https:\/\/sunqueenvina.com.vn\/wp-content\/uploads\/2024\/11\/Picture-15-768x379.png 768w, https:\/\/sunqueenvina.com.vn\/wp-content\/uploads\/2024\/11\/Picture-15-1536x757.png 1536w, https:\/\/sunqueenvina.com.vn\/wp-content\/uploads\/2024\/11\/Picture-15.png 1824w\" sizes=\"(max-width: 1024px) 100vw, 1024px\" \/><\/figure>\n\n\n\n<p><\/p>\n","protected":false},"excerpt":{"rendered":"<p>Qu\u1ea1t d\u00f9ng cho t\u00e0u th\u1ee7y (Ventination Fans hay c\u00f2n \u0111\u01b0\u1ee3c g\u1ecdi l\u00e0 Blower) \u0111\u01b0\u1ee3c s\u1eed d\u1ee5ng \u0111\u1ec3 th\u00f4ng gi\u00f3 kh\u00f4ng kh\u00ed cho c\u00e1c khoang tr\u00ean t\u00e0u, nh\u01b0 th\u00f4ng gi\u00f3 bu\u1ed3ng m\u00e1y, th\u00f4ng gi\u00f3 h\u1ea7m h\u00e0ng, th\u00f4ng gi\u00f3 c\u00e1c bu\u1ed3ng k\u1ef9 thu\u1eadt, khoang ch\u1ed1ng v\u00e0 cabin cho bu\u1ed5ng \u1edf. N\u00f3 \u0111\u01b0\u1ee3c thi\u1ebft k\u1ebf \u0111\u1ec3 \u0111\u00e1p \u1ee9ng<span class=\"post-excerpt-end\">&hellip;<\/span><\/p>\n<p class=\"more-link\"><a href=\"https:\/\/sunqueenvina.com.vn\/?page_id=1365\" class=\"themebutton\">Read More<\/a><\/p>\n","protected":false},"author":1,"featured_media":0,"parent":0,"menu_order":0,"comment_status":"closed","ping_status":"closed","template":"","meta":[],"yoast_head":"<!-- This site is optimized with the Yoast SEO plugin v14.9 - https:\/\/yoast.com\/wordpress\/plugins\/seo\/ -->\n<title>Ventilation fans for ship | Qu\u1ea1t th\u00f4ng gi\u00f3 t\u00e0u th\u1ee7y - SUNQUEEN VINA<\/title>\n<meta name=\"robots\" content=\"noindex, follow, max-snippet:-1, max-image-preview:large, max-video-preview:-1\" \/>\n<meta property=\"og:locale\" content=\"vi_VN\" \/>\n<meta property=\"og:type\" content=\"article\" \/>\n<meta property=\"og:title\" content=\"Ventilation fans for ship | Qu\u1ea1t th\u00f4ng gi\u00f3 t\u00e0u th\u1ee7y - SUNQUEEN VINA\" \/>\n<meta property=\"og:description\" content=\"Qu\u1ea1t d\u00f9ng cho t\u00e0u th\u1ee7y (Ventination Fans hay c\u00f2n \u0111\u01b0\u1ee3c g\u1ecdi l\u00e0 Blower) \u0111\u01b0\u1ee3c s\u1eed d\u1ee5ng \u0111\u1ec3 th\u00f4ng gi\u00f3 kh\u00f4ng kh\u00ed cho c\u00e1c khoang tr\u00ean t\u00e0u, nh\u01b0 th\u00f4ng gi\u00f3 bu\u1ed3ng m\u00e1y, th\u00f4ng gi\u00f3 h\u1ea7m h\u00e0ng, th\u00f4ng gi\u00f3 c\u00e1c bu\u1ed3ng k\u1ef9 thu\u1eadt, khoang ch\u1ed1ng v\u00e0 cabin cho bu\u1ed5ng \u1edf. N\u00f3 \u0111\u01b0\u1ee3c thi\u1ebft k\u1ebf \u0111\u1ec3 \u0111\u00e1p \u1ee9ng&hellip;Read More\" \/>\n<meta property=\"og:url\" content=\"https:\/\/sunqueenvina.com.vn\/?page_id=1365\" \/>\n<meta property=\"og:site_name\" content=\"SUNQUEEN VINA\" \/>\n<meta property=\"article:modified_time\" content=\"2024-11-28T09:08:54+00:00\" \/>\n<meta property=\"og:image\" content=\"https:\/\/sunqueenvina.com.vn\/wp-content\/uploads\/2024\/11\/Picture-13-1024x511.png\" \/>\n<meta name=\"twitter:card\" content=\"summary_large_image\" \/>\n<script type=\"application\/ld+json\" class=\"yoast-schema-graph\">{\"@context\":\"https:\/\/schema.org\",\"@graph\":[{\"@type\":\"WebSite\",\"@id\":\"https:\/\/sunqueenvina.com.vn\/#website\",\"url\":\"https:\/\/sunqueenvina.com.vn\/\",\"name\":\"SUNQUEEN VINA\",\"description\":\"OEM &amp; Marine Equipments\",\"potentialAction\":[{\"@type\":\"SearchAction\",\"target\":\"https:\/\/sunqueenvina.com.vn\/?s={search_term_string}\",\"query-input\":\"required name=search_term_string\"}],\"inLanguage\":\"vi\"},{\"@type\":\"ImageObject\",\"@id\":\"https:\/\/sunqueenvina.com.vn\/?page_id=1365#primaryimage\",\"inLanguage\":\"vi\",\"url\":\"https:\/\/sunqueenvina.com.vn\/wp-content\/uploads\/2024\/11\/Picture-13.png\",\"width\":1461,\"height\":729},{\"@type\":\"WebPage\",\"@id\":\"https:\/\/sunqueenvina.com.vn\/?page_id=1365#webpage\",\"url\":\"https:\/\/sunqueenvina.com.vn\/?page_id=1365\",\"name\":\"Ventilation fans for ship | Qu\\u1ea1t th\\u00f4ng gi\\u00f3 t\\u00e0u th\\u1ee7y - SUNQUEEN VINA\",\"isPartOf\":{\"@id\":\"https:\/\/sunqueenvina.com.vn\/#website\"},\"primaryImageOfPage\":{\"@id\":\"https:\/\/sunqueenvina.com.vn\/?page_id=1365#primaryimage\"},\"datePublished\":\"2024-11-28T09:04:15+00:00\",\"dateModified\":\"2024-11-28T09:08:54+00:00\",\"inLanguage\":\"vi\",\"potentialAction\":[{\"@type\":\"ReadAction\",\"target\":[\"https:\/\/sunqueenvina.com.vn\/?page_id=1365\"]}]}]}<\/script>\n<!-- \/ Yoast SEO plugin. -->","_links":{"self":[{"href":"https:\/\/sunqueenvina.com.vn\/index.php?rest_route=\/wp\/v2\/pages\/1365"}],"collection":[{"href":"https:\/\/sunqueenvina.com.vn\/index.php?rest_route=\/wp\/v2\/pages"}],"about":[{"href":"https:\/\/sunqueenvina.com.vn\/index.php?rest_route=\/wp\/v2\/types\/page"}],"author":[{"embeddable":true,"href":"https:\/\/sunqueenvina.com.vn\/index.php?rest_route=\/wp\/v2\/users\/1"}],"replies":[{"embeddable":true,"href":"https:\/\/sunqueenvina.com.vn\/index.php?rest_route=%2Fwp%2Fv2%2Fcomments&post=1365"}],"version-history":[{"count":3,"href":"https:\/\/sunqueenvina.com.vn\/index.php?rest_route=\/wp\/v2\/pages\/1365\/revisions"}],"predecessor-version":[{"id":1371,"href":"https:\/\/sunqueenvina.com.vn\/index.php?rest_route=\/wp\/v2\/pages\/1365\/revisions\/1371"}],"wp:attachment":[{"href":"https:\/\/sunqueenvina.com.vn\/index.php?rest_route=%2Fwp%2Fv2%2Fmedia&parent=1365"}],"curies":[{"name":"wp","href":"https:\/\/api.w.org\/{rel}","templated":true}]}}