{"id":1347,"date":"2024-11-28T10:21:18","date_gmt":"2024-11-28T03:21:18","guid":{"rendered":"https:\/\/sunqueenvina.com.vn\/?page_id=1347"},"modified":"2024-11-28T14:43:15","modified_gmt":"2024-11-28T07:43:15","slug":"air-conditioner-dieu-hoa-trung-tam","status":"publish","type":"page","link":"https:\/\/sunqueenvina.com.vn\/?page_id=1347","title":{"rendered":"Air Conditioner | \u0110i\u1ec1u h\u00f2a trung t\u00e2m"},"content":{"rendered":"\n<p><strong>H\u1ec6 \u0110I\u1ec0U H\u00d2A TRUNG T\u00c2M<\/strong> <\/p>\n\n\n\n<p>H\u1ec7 th\u1ed1ng \u0111i\u1ec1u h\u00f2a trung t\u00e2m tr\u00ean t\u00e0u th\u1ee7y c\u00f3 thi\u1ebft k\u1ebf kh\u00e1c v\u1edbi h\u1ec7 \u0111i\u1ec1u h\u00f2a c\u00f4ng nghi\u1ec7p \u0111\u1ec3 \u0111\u00e1p \u1ee9ng c\u00e1c y\u00eau c\u1ea7u v\u1eadn h\u00e0nh trong m\u00f4i tr\u01b0\u1eddng kh\u1eafc nghi\u1ec7t v\u00e0 kh\u00f4ng gian gi\u1edbi h\u1ea1n. \u0110\u00e2y l\u00e0 h\u1ec7 th\u1ed1ng quan tr\u1ecdng \u0111\u1ec3 duy tr\u00ec m\u00f4i tr\u01b0\u1eddng l\u00e0m vi\u1ec7c tho\u1ea3i m\u00e1i cho th\u1ee7y th\u1ee7 \u0111o\u00e0n, h\u00e0nh kh\u00e1ch v\u00e0 b\u1ea3o v\u1ec7 c\u00e1c thi\u1ebft b\u1ecb tr\u00ean t\u00e0u trong nhi\u1ec7t \u0111\u1ed9 \u1ed5n \u0111\u1ecbnh.<\/p>\n\n\n\n<p>S\u1eed d\u1ee5ng h\u1ec7 th\u1ed1ng chiller k\u1ebft h\u1ee3p v\u1edbi Air Handling Unit (AHU) ho\u1eb7c h\u1ec7 th\u1ed1ng \u1ed1ng gi\u00f3 \u0111\u1ec3 l\u00e0m m\u00e1t kh\u00f4ng kh\u00ed. Chiller gi\u1ea3i nhi\u1ec7t b\u1eb1ng n\u01b0\u1edbc cho hi\u1ec7u su\u1ea5t cao, ph\u00f9 h\u1ee3p v\u1edbi vi\u1ec7c t\u1eadn d\u1ee5ng n\u01b0\u1edbc bi\u1ec3n \u0111\u1ec3 gi\u1ea3i nhi\u1ec7t qua b\u1ed9 trao \u0111\u1ed5i nhi\u1ec7t.<\/p>\n\n\n\n<p>M\u00f4i ch\u1ea5t l\u1ea1nh: C\u00e1c lo\u1ea1i gas nh\u01b0 R134A , R407C ho\u1eb7c R404A th\u01b0\u1eddng \u0111\u01b0\u1ee3c s\u1eed d\u1ee5ng do th\u00e2n thi\u1ec7n v\u1edbi m\u00f4i tr\u01b0\u1eddng v\u00e0 hi\u1ec7u su\u1ea5t l\u00e0m l\u1ea1nh cao<\/p>\n\n\n\n<figure class=\"wp-block-image size-large\"><img loading=\"lazy\" width=\"1024\" height=\"267\" src=\"https:\/\/sunqueenvina.com.vn\/wp-content\/uploads\/2024\/11\/image-5-1024x267.png\" alt=\"\" class=\"wp-image-1348\" srcset=\"https:\/\/sunqueenvina.com.vn\/wp-content\/uploads\/2024\/11\/image-5-1024x267.png 1024w, https:\/\/sunqueenvina.com.vn\/wp-content\/uploads\/2024\/11\/image-5-300x78.png 300w, https:\/\/sunqueenvina.com.vn\/wp-content\/uploads\/2024\/11\/image-5-768x200.png 768w, https:\/\/sunqueenvina.com.vn\/wp-content\/uploads\/2024\/11\/image-5.png 1495w\" sizes=\"(max-width: 1024px) 100vw, 1024px\" \/><\/figure>\n\n\n\n<figure class=\"wp-block-image size-large\"><img loading=\"lazy\" width=\"468\" height=\"268\" src=\"https:\/\/sunqueenvina.com.vn\/wp-content\/uploads\/2024\/11\/12-removebg-preview.png\" alt=\"\" class=\"wp-image-1247\" srcset=\"https:\/\/sunqueenvina.com.vn\/wp-content\/uploads\/2024\/11\/12-removebg-preview.png 468w, https:\/\/sunqueenvina.com.vn\/wp-content\/uploads\/2024\/11\/12-removebg-preview-300x172.png 300w\" sizes=\"(max-width: 468px) 100vw, 468px\" \/><\/figure>\n\n\n\n<figure class=\"wp-block-image size-large\"><img loading=\"lazy\" width=\"1011\" height=\"421\" src=\"https:\/\/sunqueenvina.com.vn\/wp-content\/uploads\/2024\/11\/pic-10.jpg\" alt=\"\" class=\"wp-image-1353\" srcset=\"https:\/\/sunqueenvina.com.vn\/wp-content\/uploads\/2024\/11\/pic-10.jpg 1011w, https:\/\/sunqueenvina.com.vn\/wp-content\/uploads\/2024\/11\/pic-10-300x125.jpg 300w, https:\/\/sunqueenvina.com.vn\/wp-content\/uploads\/2024\/11\/pic-10-768x320.jpg 768w\" sizes=\"(max-width: 1011px) 100vw, 1011px\" \/><\/figure>\n\n\n\n<p><strong>\u0110I\u1ec0U H\u00d2A C\u1ee4C B\u1ed8 <\/strong><\/p>\n\n\n\n<p>\u0110i\u1ec1u h\u00f2a c\u1ee5c b\u1ed9 \u0111\u01b0\u1ee3c b\u1ed1 tr\u00ed t\u1ea1i c\u00e1c ph\u00f2ng , khu v\u1ef1c ri\u00eang tr\u00ean t\u00e0u v\u00ed d\u1ee5: L\u1ea7u l\u00e1i, nh\u00e0 b\u1ebfp, bu\u1ed3ng \u0111i\u1ec3u khi\u1ec3n bu\u1ed3ng m\u00e1y, bu\u1ed3ng c\u00e2u l\u1ea1c b\u1ed9 tr\u00ean t\u00e0u&#8230;<\/p>\n\n\n\n<p>T\u00f9y theo v\u1ecb tr\u00ed v\u00e0 \u0111i\u1ec1u ki\u1ec7n l\u00e0m vi\u1ec7c ch\u00fang c\u00f3 th\u1ec3 \u0111\u01b0\u1ee3c thi\u1ebft k\u1ebf l\u00e0m m\u00e1t b\u1eb1ng n\u01b0\u1edbc ho\u1eb7c l\u00e0m m\u00e1t b\u1eb1ng kh\u00f4ng kh\u00ed.<\/p>\n\n\n\n<figure class=\"wp-block-table aligncenter\"><table><tbody><tr><td><img class=\"wp-image-1356\" style=\"width: 260px;\" src=\"https:\/\/sunqueenvina.com.vn\/wp-content\/uploads\/2024\/11\/Picture_11-removebg-preview-1.png\" alt=\"\"><\/td><td><img loading=\"lazy\" width=\"513\" height=\"487\" class=\"wp-image-1357\" style=\"width: 300px;\" src=\"https:\/\/sunqueenvina.com.vn\/wp-content\/uploads\/2024\/11\/Picture_12-removebg-preview.png\" alt=\"\" srcset=\"https:\/\/sunqueenvina.com.vn\/wp-content\/uploads\/2024\/11\/Picture_12-removebg-preview.png 513w, https:\/\/sunqueenvina.com.vn\/wp-content\/uploads\/2024\/11\/Picture_12-removebg-preview-300x285.png 300w\" sizes=\"(max-width: 513px) 100vw, 513px\" \/><\/td><\/tr><\/tbody><\/table><\/figure>\n\n\n\n<figure class=\"wp-block-image size-large\"><img loading=\"lazy\" width=\"995\" height=\"516\" src=\"https:\/\/sunqueenvina.com.vn\/wp-content\/uploads\/2024\/11\/CLD.jpg\" alt=\"\" class=\"wp-image-1360\" srcset=\"https:\/\/sunqueenvina.com.vn\/wp-content\/uploads\/2024\/11\/CLD.jpg 995w, https:\/\/sunqueenvina.com.vn\/wp-content\/uploads\/2024\/11\/CLD-300x156.jpg 300w, https:\/\/sunqueenvina.com.vn\/wp-content\/uploads\/2024\/11\/CLD-768x398.jpg 768w\" sizes=\"(max-width: 995px) 100vw, 995px\" \/><\/figure>\n","protected":false},"excerpt":{"rendered":"<p>H\u1ec6 \u0110I\u1ec0U H\u00d2A TRUNG T\u00c2M H\u1ec7 th\u1ed1ng \u0111i\u1ec1u h\u00f2a trung t\u00e2m tr\u00ean t\u00e0u th\u1ee7y c\u00f3 thi\u1ebft k\u1ebf kh\u00e1c v\u1edbi h\u1ec7 \u0111i\u1ec1u h\u00f2a c\u00f4ng nghi\u1ec7p \u0111\u1ec3 \u0111\u00e1p \u1ee9ng c\u00e1c y\u00eau c\u1ea7u v\u1eadn h\u00e0nh trong m\u00f4i tr\u01b0\u1eddng kh\u1eafc nghi\u1ec7t v\u00e0 kh\u00f4ng gian gi\u1edbi h\u1ea1n. \u0110\u00e2y l\u00e0 h\u1ec7 th\u1ed1ng quan tr\u1ecdng \u0111\u1ec3 duy tr\u00ec m\u00f4i tr\u01b0\u1eddng l\u00e0m vi\u1ec7c<span class=\"post-excerpt-end\">&hellip;<\/span><\/p>\n<p class=\"more-link\"><a href=\"https:\/\/sunqueenvina.com.vn\/?page_id=1347\" class=\"themebutton\">Read More<\/a><\/p>\n","protected":false},"author":1,"featured_media":0,"parent":0,"menu_order":0,"comment_status":"closed","ping_status":"closed","template":"","meta":[],"yoast_head":"<!-- This site is optimized with the Yoast SEO plugin v14.9 - https:\/\/yoast.com\/wordpress\/plugins\/seo\/ -->\n<title>Air Conditioner | \u0110i\u1ec1u h\u00f2a trung t\u00e2m - SUNQUEEN VINA<\/title>\n<meta name=\"robots\" content=\"noindex, follow, max-snippet:-1, max-image-preview:large, max-video-preview:-1\" \/>\n<meta property=\"og:locale\" content=\"vi_VN\" \/>\n<meta property=\"og:type\" content=\"article\" \/>\n<meta property=\"og:title\" content=\"Air Conditioner | \u0110i\u1ec1u h\u00f2a trung t\u00e2m - SUNQUEEN VINA\" \/>\n<meta property=\"og:description\" content=\"H\u1ec6 \u0110I\u1ec0U H\u00d2A TRUNG T\u00c2M H\u1ec7 th\u1ed1ng \u0111i\u1ec1u h\u00f2a trung t\u00e2m tr\u00ean t\u00e0u th\u1ee7y c\u00f3 thi\u1ebft k\u1ebf kh\u00e1c v\u1edbi h\u1ec7 \u0111i\u1ec1u h\u00f2a c\u00f4ng nghi\u1ec7p \u0111\u1ec3 \u0111\u00e1p \u1ee9ng c\u00e1c y\u00eau c\u1ea7u v\u1eadn h\u00e0nh trong m\u00f4i tr\u01b0\u1eddng kh\u1eafc nghi\u1ec7t v\u00e0 kh\u00f4ng gian gi\u1edbi h\u1ea1n. \u0110\u00e2y l\u00e0 h\u1ec7 th\u1ed1ng quan tr\u1ecdng \u0111\u1ec3 duy tr\u00ec m\u00f4i tr\u01b0\u1eddng l\u00e0m vi\u1ec7c&hellip;Read More\" \/>\n<meta property=\"og:url\" content=\"https:\/\/sunqueenvina.com.vn\/?page_id=1347\" \/>\n<meta property=\"og:site_name\" content=\"SUNQUEEN VINA\" \/>\n<meta property=\"article:modified_time\" content=\"2024-11-28T07:43:15+00:00\" \/>\n<meta property=\"og:image\" content=\"https:\/\/sunqueenvina.com.vn\/wp-content\/uploads\/2024\/11\/image-5-1024x267.png\" \/>\n<meta name=\"twitter:card\" content=\"summary_large_image\" \/>\n<script type=\"application\/ld+json\" class=\"yoast-schema-graph\">{\"@context\":\"https:\/\/schema.org\",\"@graph\":[{\"@type\":\"WebSite\",\"@id\":\"https:\/\/sunqueenvina.com.vn\/#website\",\"url\":\"https:\/\/sunqueenvina.com.vn\/\",\"name\":\"SUNQUEEN VINA\",\"description\":\"OEM &amp; Marine Equipments\",\"potentialAction\":[{\"@type\":\"SearchAction\",\"target\":\"https:\/\/sunqueenvina.com.vn\/?s={search_term_string}\",\"query-input\":\"required name=search_term_string\"}],\"inLanguage\":\"vi\"},{\"@type\":\"ImageObject\",\"@id\":\"https:\/\/sunqueenvina.com.vn\/?page_id=1347#primaryimage\",\"inLanguage\":\"vi\",\"url\":\"https:\/\/sunqueenvina.com.vn\/wp-content\/uploads\/2024\/11\/image-5.png\",\"width\":1495,\"height\":390},{\"@type\":\"WebPage\",\"@id\":\"https:\/\/sunqueenvina.com.vn\/?page_id=1347#webpage\",\"url\":\"https:\/\/sunqueenvina.com.vn\/?page_id=1347\",\"name\":\"Air Conditioner | \\u0110i\\u1ec1u h\\u00f2a trung t\\u00e2m - SUNQUEEN VINA\",\"isPartOf\":{\"@id\":\"https:\/\/sunqueenvina.com.vn\/#website\"},\"primaryImageOfPage\":{\"@id\":\"https:\/\/sunqueenvina.com.vn\/?page_id=1347#primaryimage\"},\"datePublished\":\"2024-11-28T03:21:18+00:00\",\"dateModified\":\"2024-11-28T07:43:15+00:00\",\"inLanguage\":\"vi\",\"potentialAction\":[{\"@type\":\"ReadAction\",\"target\":[\"https:\/\/sunqueenvina.com.vn\/?page_id=1347\"]}]}]}<\/script>\n<!-- \/ Yoast SEO plugin. -->","_links":{"self":[{"href":"https:\/\/sunqueenvina.com.vn\/index.php?rest_route=\/wp\/v2\/pages\/1347"}],"collection":[{"href":"https:\/\/sunqueenvina.com.vn\/index.php?rest_route=\/wp\/v2\/pages"}],"about":[{"href":"https:\/\/sunqueenvina.com.vn\/index.php?rest_route=\/wp\/v2\/types\/page"}],"author":[{"embeddable":true,"href":"https:\/\/sunqueenvina.com.vn\/index.php?rest_route=\/wp\/v2\/users\/1"}],"replies":[{"embeddable":true,"href":"https:\/\/sunqueenvina.com.vn\/index.php?rest_route=%2Fwp%2Fv2%2Fcomments&post=1347"}],"version-history":[{"count":3,"href":"https:\/\/sunqueenvina.com.vn\/index.php?rest_route=\/wp\/v2\/pages\/1347\/revisions"}],"predecessor-version":[{"id":1361,"href":"https:\/\/sunqueenvina.com.vn\/index.php?rest_route=\/wp\/v2\/pages\/1347\/revisions\/1361"}],"wp:attachment":[{"href":"https:\/\/sunqueenvina.com.vn\/index.php?rest_route=%2Fwp%2Fv2%2Fmedia&parent=1347"}],"curies":[{"name":"wp","href":"https:\/\/api.w.org\/{rel}","templated":true}]}}