{"id":1330,"date":"2024-11-28T09:00:11","date_gmt":"2024-11-28T02:00:11","guid":{"rendered":"https:\/\/sunqueenvina.com.vn\/?page_id=1330"},"modified":"2024-11-28T09:00:12","modified_gmt":"2024-11-28T02:00:12","slug":"hydrophore-tanks-binh-hydrophore","status":"publish","type":"page","link":"https:\/\/sunqueenvina.com.vn\/?page_id=1330","title":{"rendered":"Hydrophore tanks | B\u00ecnh Hydrophore"},"content":{"rendered":"\n<p>B\u00ecnh hydrophore l\u00e0 thi\u1ebft b\u1ecb \u0111\u01b0\u1ee3c l\u1eafp tr\u00ean t\u00e0u, s\u1eed d\u1ee5ng \u00e1p su\u1ea5t c\u1ee7a kh\u00ed n\u00e9n \u0111\u1ec3 t\u00edch \u00e1p v\u00e0 c\u1ea5p n\u01b0\u1edbc ng\u1ecdt ho\u1eb7c n\u01b0\u1edbc bi\u1ec3n cho h\u1ec7 th\u1ed1ng sinh ho\u1ea1t c\u1ee7a t\u00e0u. H\u1ec7 th\u1ed1ng bao g\u1ed3m: M\u00e1y b\u01a1m, b\u00ecnh t\u00edch \u00e1p, c\u00f4ng t\u1eafc \u00e1p su\u1ea5t, k\u00ednh th\u1ee7y v\u00e0 h\u1ed9p \u0111i\u1ec1u khi\u1ec3n \u0111i\u1ec7n \u0111\u01b0\u1ee3c l\u1eafp \u0111\u1eb7t th\u00e0nh m\u1ed9t module. Thi\u1ebft b\u1ecb Hydrophore YLG serial c\u1ee7a HBN c\u00f3 b\u1ec1 ngo\u00e0i nh\u1ecf g\u1ecdn, \u0111\u1eb9p m\u1eaft, d\u1ec5 l\u1eafp \u0111\u1eb7t, b\u1ea3o tr\u00ec \u00a0v\u00e0 l\u00e0 m\u1ed9t l\u1ef1a ch\u1ecdn l\u00fd t\u01b0\u1edfng cho h\u1ec7 th\u1ed1ng cung c\u1ea5p n\u01b0\u1edbc tr\u00ean t\u00e0u th\u1ee7y.<\/p>\n\n\n\n<figure class=\"wp-block-image size-large\"><img loading=\"lazy\" width=\"810\" height=\"1024\" src=\"https:\/\/sunqueenvina.com.vn\/wp-content\/uploads\/2024\/11\/1-810x1024.png\" alt=\"\" class=\"wp-image-1227\" srcset=\"https:\/\/sunqueenvina.com.vn\/wp-content\/uploads\/2024\/11\/1-810x1024.png 810w, https:\/\/sunqueenvina.com.vn\/wp-content\/uploads\/2024\/11\/1-237x300.png 237w, https:\/\/sunqueenvina.com.vn\/wp-content\/uploads\/2024\/11\/1-768x971.png 768w, https:\/\/sunqueenvina.com.vn\/wp-content\/uploads\/2024\/11\/1.png 1092w\" sizes=\"(max-width: 810px) 100vw, 810px\" \/><\/figure>\n\n\n\n<figure class=\"wp-block-image size-large\"><img loading=\"lazy\" width=\"1024\" height=\"744\" src=\"https:\/\/sunqueenvina.com.vn\/wp-content\/uploads\/2024\/11\/image-1-1024x744.png\" alt=\"\" class=\"wp-image-1331\" srcset=\"https:\/\/sunqueenvina.com.vn\/wp-content\/uploads\/2024\/11\/image-1-1024x744.png 1024w, https:\/\/sunqueenvina.com.vn\/wp-content\/uploads\/2024\/11\/image-1-300x218.png 300w, https:\/\/sunqueenvina.com.vn\/wp-content\/uploads\/2024\/11\/image-1-768x558.png 768w, https:\/\/sunqueenvina.com.vn\/wp-content\/uploads\/2024\/11\/image-1-1536x1117.png 1536w, https:\/\/sunqueenvina.com.vn\/wp-content\/uploads\/2024\/11\/image-1-2048x1489.png 2048w\" sizes=\"(max-width: 1024px) 100vw, 1024px\" \/><\/figure>\n\n\n\n<figure class=\"wp-block-image size-large\"><img loading=\"lazy\" width=\"741\" height=\"1024\" src=\"https:\/\/sunqueenvina.com.vn\/wp-content\/uploads\/2024\/11\/image-2-741x1024.png\" alt=\"\" class=\"wp-image-1332\" srcset=\"https:\/\/sunqueenvina.com.vn\/wp-content\/uploads\/2024\/11\/image-2-741x1024.png 741w, https:\/\/sunqueenvina.com.vn\/wp-content\/uploads\/2024\/11\/image-2-217x300.png 217w, https:\/\/sunqueenvina.com.vn\/wp-content\/uploads\/2024\/11\/image-2-768x1062.png 768w, https:\/\/sunqueenvina.com.vn\/wp-content\/uploads\/2024\/11\/image-2-1111x1536.png 1111w, https:\/\/sunqueenvina.com.vn\/wp-content\/uploads\/2024\/11\/image-2-1481x2048.png 1481w\" sizes=\"(max-width: 741px) 100vw, 741px\" \/><\/figure>\n","protected":false},"excerpt":{"rendered":"<p>B\u00ecnh hydrophore l\u00e0 thi\u1ebft b\u1ecb \u0111\u01b0\u1ee3c l\u1eafp tr\u00ean t\u00e0u, s\u1eed d\u1ee5ng \u00e1p su\u1ea5t c\u1ee7a kh\u00ed n\u00e9n \u0111\u1ec3 t\u00edch \u00e1p v\u00e0 c\u1ea5p n\u01b0\u1edbc ng\u1ecdt ho\u1eb7c n\u01b0\u1edbc bi\u1ec3n cho h\u1ec7 th\u1ed1ng sinh ho\u1ea1t c\u1ee7a t\u00e0u. H\u1ec7 th\u1ed1ng bao g\u1ed3m: M\u00e1y b\u01a1m, b\u00ecnh t\u00edch \u00e1p, c\u00f4ng t\u1eafc \u00e1p su\u1ea5t, k\u00ednh th\u1ee7y v\u00e0 h\u1ed9p \u0111i\u1ec1u khi\u1ec3n \u0111i\u1ec7n \u0111\u01b0\u1ee3c l\u1eafp<span class=\"post-excerpt-end\">&hellip;<\/span><\/p>\n<p class=\"more-link\"><a href=\"https:\/\/sunqueenvina.com.vn\/?page_id=1330\" class=\"themebutton\">Read More<\/a><\/p>\n","protected":false},"author":1,"featured_media":0,"parent":0,"menu_order":0,"comment_status":"closed","ping_status":"closed","template":"","meta":[],"yoast_head":"<!-- This site is optimized with the Yoast SEO plugin v14.9 - https:\/\/yoast.com\/wordpress\/plugins\/seo\/ -->\n<title>Hydrophore tanks | B\u00ecnh Hydrophore - SUNQUEEN VINA<\/title>\n<meta name=\"robots\" content=\"noindex, follow, max-snippet:-1, max-image-preview:large, max-video-preview:-1\" \/>\n<meta property=\"og:locale\" content=\"vi_VN\" \/>\n<meta property=\"og:type\" content=\"article\" \/>\n<meta property=\"og:title\" content=\"Hydrophore tanks | B\u00ecnh Hydrophore - SUNQUEEN VINA\" \/>\n<meta property=\"og:description\" content=\"B\u00ecnh hydrophore l\u00e0 thi\u1ebft b\u1ecb \u0111\u01b0\u1ee3c l\u1eafp tr\u00ean t\u00e0u, s\u1eed d\u1ee5ng \u00e1p su\u1ea5t c\u1ee7a kh\u00ed n\u00e9n \u0111\u1ec3 t\u00edch \u00e1p v\u00e0 c\u1ea5p n\u01b0\u1edbc ng\u1ecdt ho\u1eb7c n\u01b0\u1edbc bi\u1ec3n cho h\u1ec7 th\u1ed1ng sinh ho\u1ea1t c\u1ee7a t\u00e0u. H\u1ec7 th\u1ed1ng bao g\u1ed3m: M\u00e1y b\u01a1m, b\u00ecnh t\u00edch \u00e1p, c\u00f4ng t\u1eafc \u00e1p su\u1ea5t, k\u00ednh th\u1ee7y v\u00e0 h\u1ed9p \u0111i\u1ec1u khi\u1ec3n \u0111i\u1ec7n \u0111\u01b0\u1ee3c l\u1eafp&hellip;Read More\" \/>\n<meta property=\"og:url\" content=\"https:\/\/sunqueenvina.com.vn\/?page_id=1330\" \/>\n<meta property=\"og:site_name\" content=\"SUNQUEEN VINA\" \/>\n<meta property=\"article:modified_time\" content=\"2024-11-28T02:00:12+00:00\" \/>\n<meta property=\"og:image\" content=\"https:\/\/sunqueenvina.com.vn\/wp-content\/uploads\/2024\/11\/1-810x1024.png\" \/>\n<meta name=\"twitter:card\" content=\"summary_large_image\" \/>\n<script type=\"application\/ld+json\" class=\"yoast-schema-graph\">{\"@context\":\"https:\/\/schema.org\",\"@graph\":[{\"@type\":\"WebSite\",\"@id\":\"https:\/\/sunqueenvina.com.vn\/#website\",\"url\":\"https:\/\/sunqueenvina.com.vn\/\",\"name\":\"SUNQUEEN VINA\",\"description\":\"OEM &amp; Marine Equipments\",\"potentialAction\":[{\"@type\":\"SearchAction\",\"target\":\"https:\/\/sunqueenvina.com.vn\/?s={search_term_string}\",\"query-input\":\"required name=search_term_string\"}],\"inLanguage\":\"vi\"},{\"@type\":\"ImageObject\",\"@id\":\"https:\/\/sunqueenvina.com.vn\/?page_id=1330#primaryimage\",\"inLanguage\":\"vi\",\"url\":\"https:\/\/sunqueenvina.com.vn\/wp-content\/uploads\/2024\/11\/1.png\",\"width\":1092,\"height\":1381},{\"@type\":\"WebPage\",\"@id\":\"https:\/\/sunqueenvina.com.vn\/?page_id=1330#webpage\",\"url\":\"https:\/\/sunqueenvina.com.vn\/?page_id=1330\",\"name\":\"Hydrophore tanks | B\\u00ecnh Hydrophore - SUNQUEEN VINA\",\"isPartOf\":{\"@id\":\"https:\/\/sunqueenvina.com.vn\/#website\"},\"primaryImageOfPage\":{\"@id\":\"https:\/\/sunqueenvina.com.vn\/?page_id=1330#primaryimage\"},\"datePublished\":\"2024-11-28T02:00:11+00:00\",\"dateModified\":\"2024-11-28T02:00:12+00:00\",\"inLanguage\":\"vi\",\"potentialAction\":[{\"@type\":\"ReadAction\",\"target\":[\"https:\/\/sunqueenvina.com.vn\/?page_id=1330\"]}]}]}<\/script>\n<!-- \/ Yoast SEO plugin. -->","_links":{"self":[{"href":"https:\/\/sunqueenvina.com.vn\/index.php?rest_route=\/wp\/v2\/pages\/1330"}],"collection":[{"href":"https:\/\/sunqueenvina.com.vn\/index.php?rest_route=\/wp\/v2\/pages"}],"about":[{"href":"https:\/\/sunqueenvina.com.vn\/index.php?rest_route=\/wp\/v2\/types\/page"}],"author":[{"embeddable":true,"href":"https:\/\/sunqueenvina.com.vn\/index.php?rest_route=\/wp\/v2\/users\/1"}],"replies":[{"embeddable":true,"href":"https:\/\/sunqueenvina.com.vn\/index.php?rest_route=%2Fwp%2Fv2%2Fcomments&post=1330"}],"version-history":[{"count":1,"href":"https:\/\/sunqueenvina.com.vn\/index.php?rest_route=\/wp\/v2\/pages\/1330\/revisions"}],"predecessor-version":[{"id":1334,"href":"https:\/\/sunqueenvina.com.vn\/index.php?rest_route=\/wp\/v2\/pages\/1330\/revisions\/1334"}],"wp:attachment":[{"href":"https:\/\/sunqueenvina.com.vn\/index.php?rest_route=%2Fwp%2Fv2%2Fmedia&parent=1330"}],"curies":[{"name":"wp","href":"https:\/\/api.w.org\/{rel}","templated":true}]}}