{"id":1299,"date":"2024-11-27T22:30:09","date_gmt":"2024-11-27T15:30:09","guid":{"rendered":"https:\/\/sunqueenvina.com.vn\/?page_id=1299"},"modified":"2024-11-27T23:12:41","modified_gmt":"2024-11-27T16:12:41","slug":"sewage-treatment-plan-may-xu-ly-nuoc-thai","status":"publish","type":"page","link":"https:\/\/sunqueenvina.com.vn\/?page_id=1299","title":{"rendered":"Sewage Treatment Plan | Thi\u1ebft b\u1ecb x\u1eed l\u00fd n\u01b0\u1edbc th\u1ea3i"},"content":{"rendered":"\n<p>Thi\u1ebft b\u1ecb x\u1eed l\u00fd n\u01b0\u1edbc th\u1ea3i sinh ho\u1ea1t d\u00f2ng HBNA, s\u1eed d\u1ee5ng ph\u01b0\u01a1ng ph\u00e1p ph\u00e2n h\u1ee7y oxy h\u00f3a, l\u1ecdc m\u00e0ng si\u00eau nh\u1ecf v\u00e0 kh\u1eed tr\u00f9ng v\u1eadt l\u00fd k\u1ebft h\u1ee3p \u0111\u1ec3 x\u1eed l\u00fd n\u01b0\u1edbc th\u1ea3i nh\u00e0 v\u1ec7 sinh, nh\u00e0 b\u1ebfp, ph\u00f2ng t\u1eafm \u0111\u01b0\u1ee3c \u00e1p d\u1ee5ng s\u1eed d\u1ee5ng cho:  T\u00e0u th\u1ee7y, c\u00e1c c\u01a1 quan, tr\u01b0\u1eddng h\u1ecdc, nh\u00e0 \u1edf kh\u00e1ch s\u1ea1n v\u00e0 nh\u00e0 m\u00e1y, doanh nghi\u1ec7p khai th\u00e1c m\u1ecf.<\/p>\n\n\n\n<p>So v\u1edbi c\u00e1c s\u1ea3n ph\u1ea9m c\u00f9ng lo\u1ea1i, s\u1ea3n ph\u1ea9m HBNA c\u00f3 \u0111\u1eb7c \u0111i\u1ec3m l\u00e0 th\u1ec3 t\u00edch nh\u1ecf, tr\u1ecdng l\u01b0\u1ee3ng nh\u1eb9, c\u1ea5u tr\u00fac nh\u1ecf g\u1ecdn, kh\u00f4ng g\u00e2y \u00f4 nhi\u1ec5m th\u1ee9 c\u1ea5p, d\u1ec5 v\u1eadn h\u00e0nh v\u00e0 b\u1ea3o tr\u00ec.<\/p>\n\n\n\n<p>N\u01b0\u1edbc th\u1ea3i \u0111\u01b0\u1ee3c x\u1eed l\u00fd b\u1eb1ng thi\u1ebft b\u1ecb n\u00e0y \u0111\u00e1p \u1ee9ng c\u00e1c ti\u00eau chu\u1ea9n kh\u00ed th\u1ea3i c\u1ee7a C\u00f4ng \u01b0\u1edbc ch\u1ed1ng \u00f4 nhi\u1ec5m c\u1ee7a T\u1ed5 ch\u1ee9c H\u00e0ng h\u1ea3i Qu\u1ed1c t\u1ebf (MAPOL73\/78) \u0111\u00e3 \u0111\u01b0\u1ee3c T\u1ed5 ch\u1ee9c H\u00e0ng h\u1ea3i Qu\u1ed1c t\u1ebf (IMO) s\u1eeda \u0111\u1ed5i, ph\u00f9 h\u1ee3p v\u1edbi (IMO. MEPC. 227 (64) &#8220;H\u01b0\u1edbng d\u1eabn th\u1ef1c hi\u1ec7n c\u00e1c ti\u00eau chu\u1ea9n v\u00e0 th\u1eed nghi\u1ec7m hi\u1ec7u su\u1ea5t \u0111\u1ed1i v\u1edbi n\u01b0\u1edbc th\u1ea3i t\u1eeb c\u00e1c \u0111\u01a1n v\u1ecb x\u1eed l\u00fd n\u01b0\u1edbc th\u1ea3i sinh ho\u1ea1t, 2012 v\u00e0 GB3552-2018 \u0110i\u1ec1u 5.2.2 v\u00e0 5.2. 4 c\u1ee7a Ti\u00eau chu\u1ea9n kh\u00ed th\u1ea3i \u0111\u1ed1i v\u1edbi c\u00e1c ch\u1ea5t g\u00e2y \u00f4 nhi\u1ec5m n\u01b0\u1edbc t\u1eeb t\u00e0u&#8221;). <\/p>\n\n\n\n<p>T\u1ed5 ch\u1ee9c H\u00e0ng h\u1ea3i Qu\u1ed1c t\u1ebf IMO. \u1ee6y ban B\u1ea3o v\u1ec7 M\u00f4i tr\u01b0\u1eddng H\u00e0ng h\u1ea3i \u0111\u00e3 ch\u00ednh th\u1ee9c th\u00f4ng qua ngh\u1ecb quy\u1ebft IMO.MEPC.227(64) v\u00e0o ng\u00e0y 5 th\u00e1ng 10 n\u0103m 2012, trong \u0111\u00f3 \u0111\u01b0a ra c\u00e1c y\u00eau c\u1ea7u c\u1ee7a C\u00f4ng \u01b0\u1edbc Ph\u00f2ng ng\u1eeba \u00d4 nhi\u1ec5m Qu\u1ed1c t\u1ebf MARPOL73\/78 Ph\u1ee5 l\u1ee5c IV \u0111\u1ed1i v\u1edbi Thi\u1ebft b\u1ecb x\u1eed l\u00fd n\u01b0\u1edbc th\u1ea3i sinh ho\u1ea1t tr\u00ean t\u00e0u. V\u1edbi c\u00e1c y\u00eau c\u1ea7u m\u1edbi, t\u1eeb th\u00e1ng 1 n\u0103m 2016, t\u1ea5t c\u1ea3 c\u00e1c thi\u1ebft b\u1ecb x\u1eed l\u00fd n\u01b0\u1edbc th\u1ea3i sinh ho\u1ea1t \u0111\u1ec3 n\u00e2ng t\u00e0u c\u0169 v\u00e0 m\u1edbi ph\u1ea3i \u0111\u00e1p \u1ee9ng c\u00e1c y\u00eau c\u1ea7u c\u1ee7a C\u00f4ng \u01b0\u1edbc n\u00e0y.<\/p>\n\n\n\n<figure class=\"wp-block-image size-large\"><img loading=\"lazy\" width=\"766\" height=\"1024\" src=\"https:\/\/sunqueenvina.com.vn\/wp-content\/uploads\/2024\/11\/image-766x1024.png\" alt=\"\" class=\"wp-image-1300\" srcset=\"https:\/\/sunqueenvina.com.vn\/wp-content\/uploads\/2024\/11\/image-766x1024.png 766w, https:\/\/sunqueenvina.com.vn\/wp-content\/uploads\/2024\/11\/image-225x300.png 225w, https:\/\/sunqueenvina.com.vn\/wp-content\/uploads\/2024\/11\/image-768x1026.png 768w, https:\/\/sunqueenvina.com.vn\/wp-content\/uploads\/2024\/11\/image.png 791w\" sizes=\"(max-width: 766px) 100vw, 766px\" \/><\/figure>\n\n\n\n<figure class=\"wp-block-table\"><table><tbody><tr><td><strong>Model<\/strong><\/td><td><strong>S\u1ea3n l\u01b0\u1ee3ng<\/strong><\/td><td><strong>C\u00f4ng Su\u1ea5t<\/strong><\/td><td><strong>\u0110i\u1ec7n \u00e1p<\/strong><\/td><\/tr><tr><td>HBNA-5<\/td><td>350L\/D<\/td><td>2 KW <\/td><td>220V\/380V<\/td><\/tr><tr><td>HBNA-10<\/td><td>700L\/D<\/td><td>2 KW <\/td><td>220V\/380V<\/td><\/tr><tr><td>HBNA-15<\/td><td>1050L\/D<\/td><td>2 KW <\/td><td>220V\/380V<\/td><\/tr><tr><td>HBNA-20<\/td><td>1400L\/D<\/td><td>2 KW<\/td><td>220V\/380V<\/td><\/tr><tr><td>HBNA-30<\/td><td>2100L\/D<\/td><td>2.5 KW<\/td><td>220V\/380V<\/td><\/tr><tr><td>HBNA-40<\/td><td>2800L\/D<\/td><td>2.5 KW<\/td><td>220V\/380V<\/td><\/tr><tr><td>HBNA-50<\/td><td>3500L\/D<\/td><td>3 KW<\/td><td>220V\/380V<\/td><\/tr><tr><td>HBNA-60<\/td><td>4200L\/D<\/td><td>3 KW<\/td><td>220V\/380V<\/td><\/tr><tr><td>HBNA-70<\/td><td>4900L\/D<\/td><td>3 KW<\/td><td>220V\/380V<\/td><\/tr><tr><td>HBNA-80<\/td><td>5600L\/D<\/td><td>4 KW<\/td><td>220V\/380V<\/td><\/tr><tr><td>HBNA-90<\/td><td>6300L\/D<\/td><td>4 KW<\/td><td>220V\/380V<\/td><\/tr><\/tbody><\/table><\/figure>\n\n\n\n<figure class=\"wp-block-image size-large\"><img loading=\"lazy\" width=\"1024\" height=\"754\" src=\"https:\/\/sunqueenvina.com.vn\/wp-content\/uploads\/2024\/11\/Picture3-1024x754.png\" alt=\"\" class=\"wp-image-1303\" srcset=\"https:\/\/sunqueenvina.com.vn\/wp-content\/uploads\/2024\/11\/Picture3-1024x754.png 1024w, https:\/\/sunqueenvina.com.vn\/wp-content\/uploads\/2024\/11\/Picture3-300x221.png 300w, https:\/\/sunqueenvina.com.vn\/wp-content\/uploads\/2024\/11\/Picture3-768x565.png 768w, https:\/\/sunqueenvina.com.vn\/wp-content\/uploads\/2024\/11\/Picture3-1536x1131.png 1536w, https:\/\/sunqueenvina.com.vn\/wp-content\/uploads\/2024\/11\/Picture3.png 1948w\" sizes=\"(max-width: 1024px) 100vw, 1024px\" \/><\/figure>\n\n\n\n<hr class=\"wp-block-separator\"\/>\n\n\n\n<figure class=\"wp-block-image size-large\"><img loading=\"lazy\" width=\"603\" height=\"790\" src=\"https:\/\/sunqueenvina.com.vn\/wp-content\/uploads\/2024\/11\/Picture6.png\" alt=\"\" class=\"wp-image-1312\" srcset=\"https:\/\/sunqueenvina.com.vn\/wp-content\/uploads\/2024\/11\/Picture6.png 603w, https:\/\/sunqueenvina.com.vn\/wp-content\/uploads\/2024\/11\/Picture6-229x300.png 229w\" sizes=\"(max-width: 603px) 100vw, 603px\" \/><\/figure>\n\n\n\n<figure class=\"wp-block-table\"><table><tbody><tr><td><strong>Model<\/strong><\/td><td><strong>S\u1ea3n l\u01b0\u1ee3ng<\/strong><\/td><td><strong>C\u00f4ng Su\u1ea5t<\/strong><\/td><td><strong>\u0110i\u1ec7n \u00e1p<\/strong><\/td><\/tr><tr><td>HBNA-100<\/td><td>7000L\/D<\/td><td>3 KW <\/td><td>220V\/380V\/440V<\/td><\/tr><tr><td>HBNA-120<\/td><td>8400L\/D<\/td><td>3.6 KW <\/td><td>220V\/380V\/440V<\/td><\/tr><tr><td>HBNA-150<\/td><td>10500L\/D<\/td><td>3.8 KW <\/td><td>220V\/380V\/440V<\/td><\/tr><tr><td>HBNA-200<\/td><td>14000L\/D<\/td><td>3.8 KW<\/td><td>220V\/380V\/440V<\/td><\/tr><tr><td>HBNA-250<\/td><td>17500L\/D<\/td><td>7.5 KW<\/td><td>220V\/380V\/440V<\/td><\/tr><tr><td>HBNA-300<\/td><td>21000L\/D<\/td><td>7.5 KW<\/td><td>220V\/380V\/440V<\/td><\/tr><\/tbody><\/table><\/figure>\n\n\n\n<figure class=\"wp-block-image size-large\"><img loading=\"lazy\" width=\"1024\" height=\"1000\" src=\"https:\/\/sunqueenvina.com.vn\/wp-content\/uploads\/2024\/11\/Picture7-1024x1000.png\" alt=\"\" class=\"wp-image-1313\" srcset=\"https:\/\/sunqueenvina.com.vn\/wp-content\/uploads\/2024\/11\/Picture7-1024x1000.png 1024w, https:\/\/sunqueenvina.com.vn\/wp-content\/uploads\/2024\/11\/Picture7-300x293.png 300w, https:\/\/sunqueenvina.com.vn\/wp-content\/uploads\/2024\/11\/Picture7-768x750.png 768w, https:\/\/sunqueenvina.com.vn\/wp-content\/uploads\/2024\/11\/Picture7.png 1385w\" sizes=\"(max-width: 1024px) 100vw, 1024px\" \/><\/figure>\n","protected":false},"excerpt":{"rendered":"<p>Thi\u1ebft b\u1ecb x\u1eed l\u00fd n\u01b0\u1edbc th\u1ea3i sinh ho\u1ea1t d\u00f2ng HBNA, s\u1eed d\u1ee5ng ph\u01b0\u01a1ng ph\u00e1p ph\u00e2n h\u1ee7y oxy h\u00f3a, l\u1ecdc m\u00e0ng si\u00eau nh\u1ecf v\u00e0 kh\u1eed tr\u00f9ng v\u1eadt l\u00fd k\u1ebft h\u1ee3p \u0111\u1ec3 x\u1eed l\u00fd n\u01b0\u1edbc th\u1ea3i nh\u00e0 v\u1ec7 sinh, nh\u00e0 b\u1ebfp, ph\u00f2ng t\u1eafm \u0111\u01b0\u1ee3c \u00e1p d\u1ee5ng s\u1eed d\u1ee5ng cho: T\u00e0u th\u1ee7y, c\u00e1c c\u01a1 quan, tr\u01b0\u1eddng h\u1ecdc, nh\u00e0<span class=\"post-excerpt-end\">&hellip;<\/span><\/p>\n<p class=\"more-link\"><a href=\"https:\/\/sunqueenvina.com.vn\/?page_id=1299\" class=\"themebutton\">Read More<\/a><\/p>\n","protected":false},"author":1,"featured_media":0,"parent":0,"menu_order":0,"comment_status":"closed","ping_status":"closed","template":"","meta":[],"yoast_head":"<!-- This site is optimized with the Yoast SEO plugin v14.9 - https:\/\/yoast.com\/wordpress\/plugins\/seo\/ -->\n<title>Sewage Treatment Plan | Thi\u1ebft b\u1ecb x\u1eed l\u00fd n\u01b0\u1edbc th\u1ea3i - SUNQUEEN VINA<\/title>\n<meta name=\"robots\" content=\"noindex, follow, max-snippet:-1, max-image-preview:large, max-video-preview:-1\" \/>\n<meta property=\"og:locale\" content=\"vi_VN\" \/>\n<meta property=\"og:type\" content=\"article\" \/>\n<meta property=\"og:title\" content=\"Sewage Treatment Plan | Thi\u1ebft b\u1ecb x\u1eed l\u00fd n\u01b0\u1edbc th\u1ea3i - SUNQUEEN VINA\" \/>\n<meta property=\"og:description\" content=\"Thi\u1ebft b\u1ecb x\u1eed l\u00fd n\u01b0\u1edbc th\u1ea3i sinh ho\u1ea1t d\u00f2ng HBNA, s\u1eed d\u1ee5ng ph\u01b0\u01a1ng ph\u00e1p ph\u00e2n h\u1ee7y oxy h\u00f3a, l\u1ecdc m\u00e0ng si\u00eau nh\u1ecf v\u00e0 kh\u1eed tr\u00f9ng v\u1eadt l\u00fd k\u1ebft h\u1ee3p \u0111\u1ec3 x\u1eed l\u00fd n\u01b0\u1edbc th\u1ea3i nh\u00e0 v\u1ec7 sinh, nh\u00e0 b\u1ebfp, ph\u00f2ng t\u1eafm \u0111\u01b0\u1ee3c \u00e1p d\u1ee5ng s\u1eed d\u1ee5ng cho: T\u00e0u th\u1ee7y, c\u00e1c c\u01a1 quan, tr\u01b0\u1eddng h\u1ecdc, nh\u00e0&hellip;Read More\" \/>\n<meta property=\"og:url\" content=\"https:\/\/sunqueenvina.com.vn\/?page_id=1299\" \/>\n<meta property=\"og:site_name\" content=\"SUNQUEEN VINA\" \/>\n<meta property=\"article:modified_time\" content=\"2024-11-27T16:12:41+00:00\" \/>\n<meta property=\"og:image\" content=\"https:\/\/sunqueenvina.com.vn\/wp-content\/uploads\/2024\/11\/image-766x1024.png\" \/>\n<meta name=\"twitter:card\" content=\"summary_large_image\" \/>\n<script type=\"application\/ld+json\" class=\"yoast-schema-graph\">{\"@context\":\"https:\/\/schema.org\",\"@graph\":[{\"@type\":\"WebSite\",\"@id\":\"https:\/\/sunqueenvina.com.vn\/#website\",\"url\":\"https:\/\/sunqueenvina.com.vn\/\",\"name\":\"SUNQUEEN VINA\",\"description\":\"OEM &amp; Marine Equipments\",\"potentialAction\":[{\"@type\":\"SearchAction\",\"target\":\"https:\/\/sunqueenvina.com.vn\/?s={search_term_string}\",\"query-input\":\"required name=search_term_string\"}],\"inLanguage\":\"vi\"},{\"@type\":\"ImageObject\",\"@id\":\"https:\/\/sunqueenvina.com.vn\/?page_id=1299#primaryimage\",\"inLanguage\":\"vi\",\"url\":\"https:\/\/sunqueenvina.com.vn\/wp-content\/uploads\/2024\/11\/image.png\",\"width\":791,\"height\":1057},{\"@type\":\"WebPage\",\"@id\":\"https:\/\/sunqueenvina.com.vn\/?page_id=1299#webpage\",\"url\":\"https:\/\/sunqueenvina.com.vn\/?page_id=1299\",\"name\":\"Sewage Treatment Plan | Thi\\u1ebft b\\u1ecb x\\u1eed l\\u00fd n\\u01b0\\u1edbc th\\u1ea3i - SUNQUEEN VINA\",\"isPartOf\":{\"@id\":\"https:\/\/sunqueenvina.com.vn\/#website\"},\"primaryImageOfPage\":{\"@id\":\"https:\/\/sunqueenvina.com.vn\/?page_id=1299#primaryimage\"},\"datePublished\":\"2024-11-27T15:30:09+00:00\",\"dateModified\":\"2024-11-27T16:12:41+00:00\",\"inLanguage\":\"vi\",\"potentialAction\":[{\"@type\":\"ReadAction\",\"target\":[\"https:\/\/sunqueenvina.com.vn\/?page_id=1299\"]}]}]}<\/script>\n<!-- \/ Yoast SEO plugin. -->","_links":{"self":[{"href":"https:\/\/sunqueenvina.com.vn\/index.php?rest_route=\/wp\/v2\/pages\/1299"}],"collection":[{"href":"https:\/\/sunqueenvina.com.vn\/index.php?rest_route=\/wp\/v2\/pages"}],"about":[{"href":"https:\/\/sunqueenvina.com.vn\/index.php?rest_route=\/wp\/v2\/types\/page"}],"author":[{"embeddable":true,"href":"https:\/\/sunqueenvina.com.vn\/index.php?rest_route=\/wp\/v2\/users\/1"}],"replies":[{"embeddable":true,"href":"https:\/\/sunqueenvina.com.vn\/index.php?rest_route=%2Fwp%2Fv2%2Fcomments&post=1299"}],"version-history":[{"count":7,"href":"https:\/\/sunqueenvina.com.vn\/index.php?rest_route=\/wp\/v2\/pages\/1299\/revisions"}],"predecessor-version":[{"id":1315,"href":"https:\/\/sunqueenvina.com.vn\/index.php?rest_route=\/wp\/v2\/pages\/1299\/revisions\/1315"}],"wp:attachment":[{"href":"https:\/\/sunqueenvina.com.vn\/index.php?rest_route=%2Fwp%2Fv2%2Fmedia&parent=1299"}],"curies":[{"name":"wp","href":"https:\/\/api.w.org\/{rel}","templated":true}]}}